{"id":1894,"date":"2026-02-06T11:22:54","date_gmt":"2026-02-06T10:22:54","guid":{"rendered":"https:\/\/midnightblue-barracuda-188246.hostingersite.com\/essen-und-wein\/"},"modified":"2026-04-13T09:34:12","modified_gmt":"2026-04-13T07:34:12","slug":"kulinarik-und-wein","status":"publish","type":"page","link":"https:\/\/www.villaclaudiatorbole.com\/de\/kulinarik-und-wein\/","title":{"rendered":"Essen und Wein"},"content":{"rendered":"\t\t<div data-elementor-type=\"wp-page\" data-elementor-id=\"1894\" class=\"elementor elementor-1894 elementor-1389\" data-elementor-post-type=\"page\">\n\t\t\t\t<div class=\"elementor-element elementor-element-73427de5 e-con-full e-flex e-con e-parent\" data-id=\"73427de5\" data-element_type=\"container\">\n\t\t\t\t<div class=\"elementor-element elementor-element-538f3531 elementor--h-position-center elementor--v-position-middle elementor-arrows-position-inside elementor-widget elementor-widget-slides\" data-id=\"538f3531\" data-element_type=\"widget\" data-settings=\"{&quot;navigation&quot;:&quot;arrows&quot;,&quot;autoplay&quot;:&quot;yes&quot;,&quot;pause_on_hover&quot;:&quot;yes&quot;,&quot;pause_on_interaction&quot;:&quot;yes&quot;,&quot;autoplay_speed&quot;:5000,&quot;infinite&quot;:&quot;yes&quot;,&quot;transition&quot;:&quot;slide&quot;,&quot;transition_speed&quot;:500}\" data-widget_type=\"slides.default\">\n\t\t\t\t\t\t\t\t\t\t<div class=\"elementor-slides-wrapper elementor-main-swiper swiper\" role=\"region\" aria-roledescription=\"carousel\" aria-label=\"Slides\" dir=\"ltr\" data-animation=\"fadeInUp\">\n\t\t\t\t<div class=\"swiper-wrapper elementor-slides\">\n\t\t\t\t\t\t\t\t\t\t<div class=\"elementor-repeater-item-ad56959 swiper-slide\" role=\"group\" aria-roledescription=\"slide\"><div class=\"swiper-slide-bg elementor-ken-burns elementor-ken-burns--in\" role=\"img\" aria-label=\"Vino rosato e piatti gourmet\"><\/div><div class=\"elementor-background-overlay\"><\/div><div class=\"swiper-slide-inner\" ><div class=\"swiper-slide-contents\"><\/div><\/div><\/div><div class=\"elementor-repeater-item-aef7f8f swiper-slide\" role=\"group\" aria-roledescription=\"slide\"><div class=\"swiper-slide-bg elementor-ken-burns elementor-ken-burns--in\" role=\"img\" aria-label=\"Bottiglie di vino su scaffale\"><\/div><div class=\"elementor-background-overlay\"><\/div><div class=\"swiper-slide-inner\" ><div class=\"swiper-slide-contents\"><\/div><\/div><\/div><div class=\"elementor-repeater-item-2b39016 swiper-slide\" role=\"group\" aria-roledescription=\"slide\"><div class=\"swiper-slide-bg elementor-ken-burns elementor-ken-burns--in\" role=\"img\" aria-label=\"Olio d&#039;oliva e olive fresche.\"><\/div><div class=\"elementor-background-overlay\"><\/div><div class=\"swiper-slide-inner\" ><div class=\"swiper-slide-contents\"><\/div><\/div><\/div>\t\t\t\t<\/div>\n\t\t\t\t\t\t\t\t\t\t\t\t\t\t\t<div class=\"elementor-swiper-button elementor-swiper-button-prev\" role=\"button\" tabindex=\"0\" aria-label=\"Vorheriger Slide\">\n\t\t\t\t\t\t\t<svg aria-hidden=\"true\" class=\"e-font-icon-svg e-eicon-chevron-left\" viewBox=\"0 0 1000 1000\" xmlns=\"http:\/\/www.w3.org\/2000\/svg\"><path d=\"M646 125C629 125 613 133 604 142L308 442C296 454 292 471 292 487 292 504 296 521 308 533L604 854C617 867 629 875 646 875 663 875 679 871 692 858 704 846 713 829 713 812 713 796 708 779 692 767L438 487 692 225C700 217 708 204 708 187 708 171 704 154 692 142 675 129 663 125 646 125Z\"><\/path><\/svg>\t\t\t\t\t\t<\/div>\n\t\t\t\t\t\t<div class=\"elementor-swiper-button elementor-swiper-button-next\" role=\"button\" tabindex=\"0\" aria-label=\"N\u00e4chster Slide\">\n\t\t\t\t\t\t\t<svg aria-hidden=\"true\" class=\"e-font-icon-svg e-eicon-chevron-right\" viewBox=\"0 0 1000 1000\" xmlns=\"http:\/\/www.w3.org\/2000\/svg\"><path d=\"M696 533C708 521 713 504 713 487 713 471 708 454 696 446L400 146C388 133 375 125 354 125 338 125 325 129 313 142 300 154 292 171 292 187 292 204 296 221 308 233L563 492 304 771C292 783 288 800 288 817 288 833 296 850 308 863 321 871 338 875 354 875 371 875 388 867 400 854L696 533Z\"><\/path><\/svg>\t\t\t\t\t\t<\/div>\n\t\t\t\t\t\t\t\t\t\t\t\t\t\t\t\t\t<\/div>\n\t\t\t\t\t\t\t\t<\/div>\n\t\t<div class=\"elementor-element elementor-element-5f320f09 e-flex e-con-boxed e-con e-child\" data-id=\"5f320f09\" data-element_type=\"container\" data-settings=\"{&quot;position&quot;:&quot;absolute&quot;}\">\n\t\t\t\t\t<div class=\"e-con-inner\">\n\t\t\t\t<div class=\"elementor-element elementor-element-2f7e7b4d elementor-invisible elementor-widget elementor-widget-heading\" data-id=\"2f7e7b4d\" data-element_type=\"widget\" data-settings=\"{&quot;_animation&quot;:&quot;slideInDown&quot;}\" data-widget_type=\"heading.default\">\n\t\t\t\t\t<h1 class=\"elementor-heading-title elementor-size-default\">ESSEN UND WEIN<\/h1>\t\t\t\t<\/div>\n\t\t\t\t<div class=\"elementor-element elementor-element-57a691ac anima-top elementor-invisible elementor-widget elementor-widget-text-editor\" data-id=\"57a691ac\" data-element_type=\"widget\" data-settings=\"{&quot;_animation&quot;:&quot;slideInUp&quot;,&quot;_animation_delay&quot;:200}\" data-widget_type=\"text-editor.default\">\n\t\t\t\t\t\t\t\t\t<p><span style=\"font-weight: 400;\">Tradition, Einfachheit und lokale Zutaten<\/span><\/p>\t\t\t\t\t\t\t\t<\/div>\n\t\t\t\t\t<\/div>\n\t\t\t\t<\/div>\n\t\t\t\t<\/div>\n\t\t<div class=\"elementor-element elementor-element-27a4c08d e-con-full e-flex e-con e-parent\" data-id=\"27a4c08d\" data-element_type=\"container\">\n\t\t<div class=\"elementor-element elementor-element-5f829b72 col-sx e-flex e-con-boxed e-con e-child\" data-id=\"5f829b72\" data-element_type=\"container\">\n\t\t\t\t\t<div class=\"e-con-inner\">\n\t\t<div class=\"elementor-element elementor-element-16a42593 e-con-full e-flex e-con e-child\" data-id=\"16a42593\" data-element_type=\"container\">\n\t\t\t\t<div class=\"elementor-element elementor-element-6d361c5b anima-bottom elementor-widget elementor-widget-heading\" data-id=\"6d361c5b\" data-element_type=\"widget\" data-widget_type=\"heading.default\">\n\t\t\t\t\t<h2 class=\"elementor-heading-title elementor-size-default\">Die Geschm\u00e4cker<br>von Garda Trentino<\/h2>\t\t\t\t<\/div>\n\t\t\t\t<div class=\"elementor-element elementor-element-7d189c05 anima-top elementor-widget elementor-widget-text-editor\" data-id=\"7d189c05\" data-element_type=\"widget\" data-widget_type=\"text-editor.default\">\n\t\t\t\t\t\t\t\t\t<p><span style=\"font-weight: 400;\">Die <b>K\u00fcche <\/b>von Garda erz\u00e4hlt die Geschichte der Begegnung zwischen <\/span><b>See und<\/b><span style=\"font-weight: 400;\"> <\/span><b>Bergen<\/b><span style=\"font-weight: 400;\">. <\/span> <\/p><p>Hier ist die Tradition <b>einfach und wichtig<\/b>. Hier dreht sich alles um hochwertige Zutaten und die Aromen unseres Landes, von S\u00fc\u00dfwasserfischen bis zu extra nativem Oliven\u00f6l und lokalen Weinen.<\/p>\t\t\t\t\t\t\t\t<\/div>\n\t\t\t\t<\/div>\n\t\t<div class=\"elementor-element elementor-element-4fc7cbba e-con-full e-flex e-con e-child\" data-id=\"4fc7cbba\" data-element_type=\"container\" data-settings=\"{&quot;background_background&quot;:&quot;classic&quot;}\">\n\t\t\t\t<\/div>\n\t\t\t\t\t<\/div>\n\t\t\t\t<\/div>\n\t\t<div class=\"elementor-element elementor-element-47608c3d col-dx e-flex e-con-boxed e-con e-child\" data-id=\"47608c3d\" data-element_type=\"container\" data-settings=\"{&quot;background_background&quot;:&quot;classic&quot;}\">\n\t\t\t\t\t<div class=\"e-con-inner\">\n\t\t<div class=\"elementor-element elementor-element-3fd50626 e-con-full e-flex e-con e-child\" data-id=\"3fd50626\" data-element_type=\"container\" data-settings=\"{&quot;background_background&quot;:&quot;classic&quot;}\">\n\t\t\t\t<\/div>\n\t\t<div class=\"elementor-element elementor-element-f0b8212 e-con-full e-flex e-con e-child\" data-id=\"f0b8212\" data-element_type=\"container\">\n\t\t\t\t<div class=\"elementor-element elementor-element-485139e anima-bottom elementor-widget elementor-widget-heading\" data-id=\"485139e\" data-element_type=\"widget\" data-widget_type=\"heading.default\">\n\t\t\t\t\t<h2 class=\"elementor-heading-title elementor-size-default\">Das Gr\u00fcne Gold des Gardasees<\/h2>\t\t\t\t<\/div>\n\t\t\t\t<div class=\"elementor-element elementor-element-c60dffc anima-top elementor-widget elementor-widget-text-editor\" data-id=\"c60dffc\" data-element_type=\"widget\" data-widget_type=\"text-editor.default\">\n\t\t\t\t\t\t\t\t\t<p><b>Wir befinden uns am n\u00f6rdlichsten Punkt der Welt, wo Olivenb\u00e4ume wachsen. <\/b><\/p><p>Dank des Mikroklimas des Sees wird hier ein einzigartiges natives <b>Oliven\u00f6l extra DOP hergestellt<\/b>: delikat, leicht und fruchtig. Es ist nicht nur ein W\u00fcrzmittel, sondern ein echter Protagonist auf dem Tisch.  <\/p><p><span style=\"font-weight: 400;\">Wir empfehlen den Besuch einer der \u00f6rtlichen \u00d6lm\u00fchlen f\u00fcr eine Verkostung: Das ist der beste Weg, um die Qualit\u00e4t zu verstehen und ein authentisches Souvenir mit nach Hause zu nehmen.<\/span><\/p>\t\t\t\t\t\t\t\t<\/div>\n\t\t\t\t<\/div>\n\t\t\t\t\t<\/div>\n\t\t\t\t<\/div>\n\t\t\t\t<\/div>\n\t\t<div class=\"elementor-element elementor-element-1cbf1378 e-con-full e-flex e-con e-parent\" data-id=\"1cbf1378\" data-element_type=\"container\" data-settings=\"{&quot;background_background&quot;:&quot;classic&quot;,&quot;background_motion_fx_motion_fx_scrolling&quot;:&quot;yes&quot;,&quot;background_motion_fx_scale_effect&quot;:&quot;yes&quot;,&quot;background_motion_fx_scale_direction&quot;:&quot;in-out&quot;,&quot;background_motion_fx_scale_range&quot;:{&quot;unit&quot;:&quot;%&quot;,&quot;size&quot;:&quot;&quot;,&quot;sizes&quot;:{&quot;start&quot;:0,&quot;end&quot;:100}},&quot;background_motion_fx_scale_speed&quot;:{&quot;unit&quot;:&quot;px&quot;,&quot;size&quot;:4,&quot;sizes&quot;:[]},&quot;background_motion_fx_devices&quot;:[&quot;widescreen&quot;,&quot;desktop&quot;,&quot;laptop&quot;,&quot;tablet_extra&quot;,&quot;tablet&quot;,&quot;mobile_extra&quot;,&quot;mobile&quot;]}\">\n\t\t\t\t<\/div>\n\t\t<div class=\"elementor-element elementor-element-56185055 e-con-full e-flex e-con e-parent\" data-id=\"56185055\" data-element_type=\"container\">\n\t\t<div class=\"elementor-element elementor-element-1433b196 col-sx e-flex e-con-boxed e-con e-child\" data-id=\"1433b196\" data-element_type=\"container\" data-settings=\"{&quot;background_background&quot;:&quot;classic&quot;}\">\n\t\t\t\t\t<div class=\"e-con-inner\">\n\t\t<div class=\"elementor-element elementor-element-3a21a95e e-con-full e-flex e-con e-child\" data-id=\"3a21a95e\" data-element_type=\"container\" data-settings=\"{&quot;background_background&quot;:&quot;classic&quot;}\">\n\t\t\t\t<\/div>\n\t\t<div class=\"elementor-element elementor-element-38218ca1 e-con-full e-flex e-con e-child\" data-id=\"38218ca1\" data-element_type=\"container\">\n\t\t\t\t<div class=\"elementor-element elementor-element-2db4454 anima-bottom elementor-widget elementor-widget-heading\" data-id=\"2db4454\" data-element_type=\"widget\" data-widget_type=\"heading.default\">\n\t\t\t\t\t<h2 class=\"elementor-heading-title elementor-size-default\">Der Fisch<br>aus dem See<\/h2>\t\t\t\t<\/div>\n\t\t\t\t<div class=\"elementor-element elementor-element-7be6b9de anima-top elementor-widget elementor-widget-text-editor\" data-id=\"7be6b9de\" data-element_type=\"widget\" data-widget_type=\"text-editor.default\">\n\t\t\t\t\t\t\t\t\t<p>Im Gegensatz zu Meerfisch bietet Seefisch <b>\u00fcberraschende Geschmacksrichtungen.<\/b> <\/p><p>In den Restaurants von Torbole gibt es immer den Fang des Tages. Wir empfehlen Ihnen, den <b>Felchen <\/b>und die <b>Forelle gegrillt <\/b>oder die <b>Sardinen<\/b> aus dem Seedie oft zum W\u00fcrzen von Bigoli, einer typischen frischen Pasta, zu verwenden. <\/p>\t\t\t\t\t\t\t\t<\/div>\n\t\t\t\t<\/div>\n\t\t\t\t\t<\/div>\n\t\t\t\t<\/div>\n\t\t<div class=\"elementor-element elementor-element-d97b024 col-dx e-flex e-con-boxed e-con e-child\" data-id=\"d97b024\" data-element_type=\"container\">\n\t\t\t\t\t<div class=\"e-con-inner\">\n\t\t<div class=\"elementor-element elementor-element-13c7c6c9 e-con-full anima-bottom e-flex e-con e-child\" data-id=\"13c7c6c9\" data-element_type=\"container\">\n\t\t\t\t<div class=\"elementor-element elementor-element-7eec7749 anima-bottom elementor-widget elementor-widget-heading\" data-id=\"7eec7749\" data-element_type=\"widget\" data-widget_type=\"heading.default\">\n\t\t\t\t\t<h1 class=\"elementor-heading-title elementor-size-default\">Das CARNE SALATA<\/h1>\t\t\t\t<\/div>\n\t\t\t\t<div class=\"elementor-element elementor-element-3966bf80 anima-top elementor-widget elementor-widget-text-editor\" data-id=\"3966bf80\" data-element_type=\"widget\" data-widget_type=\"text-editor.default\">\n\t\t\t\t\t\t\t\t\t<p><span style=\"font-weight: 400;\">Es ist das <\/span><b>Symbolgericht<\/b><span style=\"font-weight: 400;\"> des Alto Garda und geht auf ein altes Rezept zur Konservierung von Rindfleisch zur\u00fcck, das mit Salz und Gew\u00fcrzen mariniert wurde. <\/span> <\/p><p>Heute ist er eine magere und schmackhafte Spezialit\u00e4t, die Sie auf zwei Arten genie\u00dfen k\u00f6nnen: roh als frisches Carpaccio oder <b>gegrillt <\/b>begleitet von klassischen Bohnen. <\/p><p><span style=\"font-weight: 400;\">Unm\u00f6glich zu gehen, ohne es auszuprobieren.<\/span><\/p>\t\t\t\t\t\t\t\t<\/div>\n\t\t\t\t<\/div>\n\t\t<div class=\"elementor-element elementor-element-1640df0a e-con-full e-flex e-con e-child\" data-id=\"1640df0a\" data-element_type=\"container\" data-settings=\"{&quot;background_background&quot;:&quot;classic&quot;}\">\n\t\t\t\t<\/div>\n\t\t\t\t\t<\/div>\n\t\t\t\t<\/div>\n\t\t\t\t<\/div>\n\t\t<div class=\"elementor-element elementor-element-5d9f4af3 e-flex e-con-boxed e-con e-parent\" data-id=\"5d9f4af3\" data-element_type=\"container\">\n\t\t\t\t\t<div class=\"e-con-inner\">\n\t\t\t\t<div class=\"elementor-element elementor-element-40fa3bcc anima-bottom elementor-widget elementor-widget-heading\" data-id=\"40fa3bcc\" data-element_type=\"widget\" data-widget_type=\"heading.default\">\n\t\t\t\t\t<h2 class=\"elementor-heading-title elementor-size-default\">Die Weine des Gebiets<\/h2>\t\t\t\t<\/div>\n\t\t\t\t<div class=\"elementor-element elementor-element-46dbf244 anima-top elementor-widget elementor-widget-text-editor\" data-id=\"46dbf244\" data-element_type=\"widget\" data-widget_type=\"text-editor.default\">\n\t\t\t\t\t\t\t\t\t<p><b>Um diese Aromen zu unterstreichen, bietet unser Gebiet ausgezeichnete Weine.<\/b><span style=\"font-weight: 400;\"> <\/span><\/p><p><span style=\"font-weight: 400;\">Wenn Sie sich f\u00fcr Fisch entscheiden, probieren Sie die <\/span><b>Nosiola<\/b><span style=\"font-weight: 400;\">, den einzigen einheimischen Wei\u00dfwein des Trentino, frisch und duftend. Wenn Sie Rotweine bevorzugen, produziert die Region ausgezeichnete <\/span><b>Merlot<\/b><span style=\"font-weight: 400;\"> e <\/span><b>Cabernet<\/b><span style=\"font-weight: 400;\">. <\/span> <\/p><p><span style=\"font-weight: 400;\">Und zum Abschluss ein Glas <\/span><b>Vino Santo Trentino, <\/b><span style=\"font-weight: 400;\">ein s\u00fc\u00dfer und kostbarer Passito-Wein, der aus Trauben hergestellt wird, die monatelang getrocknet werden.<\/span><\/p>\t\t\t\t\t\t\t\t<\/div>\n\t\t\t\t\t<\/div>\n\t\t\t\t<\/div>\n\t\t<div class=\"elementor-element elementor-element-14f83f38 e-con-full e-flex e-con e-parent\" data-id=\"14f83f38\" data-element_type=\"container\" data-settings=\"{&quot;background_background&quot;:&quot;classic&quot;,&quot;background_motion_fx_motion_fx_scrolling&quot;:&quot;yes&quot;,&quot;background_motion_fx_scale_effect&quot;:&quot;yes&quot;,&quot;background_motion_fx_scale_direction&quot;:&quot;in-out&quot;,&quot;background_motion_fx_scale_range&quot;:{&quot;unit&quot;:&quot;%&quot;,&quot;size&quot;:&quot;&quot;,&quot;sizes&quot;:{&quot;start&quot;:0,&quot;end&quot;:100}},&quot;background_motion_fx_scale_speed&quot;:{&quot;unit&quot;:&quot;px&quot;,&quot;size&quot;:4,&quot;sizes&quot;:[]},&quot;background_motion_fx_devices&quot;:[&quot;widescreen&quot;,&quot;desktop&quot;,&quot;laptop&quot;,&quot;tablet_extra&quot;,&quot;tablet&quot;,&quot;mobile_extra&quot;,&quot;mobile&quot;]}\">\n\t\t\t\t<\/div>\n\t\t\t\t<\/div>\n\t\t","protected":false},"excerpt":{"rendered":"<p>ESSEN UND WEIN Tradition, Einfachheit und lokale Zutaten Die Geschm\u00e4ckervon Garda Trentino Die K\u00fcche von Garda erz\u00e4hlt die Geschichte der Begegnung zwischen See und Bergen. Hier ist die Tradition einfach und wichtig. Hier dreht sich alles um hochwertige Zutaten und die Aromen unseres Landes, von S\u00fc\u00dfwasserfischen bis zu extra nativem Oliven\u00f6l und lokalen Weinen. Das [&hellip;]<\/p>\n","protected":false},"author":1,"featured_media":1896,"parent":0,"menu_order":0,"comment_status":"closed","ping_status":"closed","template":"","meta":{"footnotes":""},"class_list":["post-1894","page","type-page","status-publish","has-post-thumbnail","hentry"],"_links":{"self":[{"href":"https:\/\/www.villaclaudiatorbole.com\/de\/wp-json\/wp\/v2\/pages\/1894","targetHints":{"allow":["GET"]}}],"collection":[{"href":"https:\/\/www.villaclaudiatorbole.com\/de\/wp-json\/wp\/v2\/pages"}],"about":[{"href":"https:\/\/www.villaclaudiatorbole.com\/de\/wp-json\/wp\/v2\/types\/page"}],"author":[{"embeddable":true,"href":"https:\/\/www.villaclaudiatorbole.com\/de\/wp-json\/wp\/v2\/users\/1"}],"replies":[{"embeddable":true,"href":"https:\/\/www.villaclaudiatorbole.com\/de\/wp-json\/wp\/v2\/comments?post=1894"}],"version-history":[{"count":2,"href":"https:\/\/www.villaclaudiatorbole.com\/de\/wp-json\/wp\/v2\/pages\/1894\/revisions"}],"predecessor-version":[{"id":3005,"href":"https:\/\/www.villaclaudiatorbole.com\/de\/wp-json\/wp\/v2\/pages\/1894\/revisions\/3005"}],"wp:featuredmedia":[{"embeddable":true,"href":"https:\/\/www.villaclaudiatorbole.com\/de\/wp-json\/wp\/v2\/media\/1896"}],"wp:attachment":[{"href":"https:\/\/www.villaclaudiatorbole.com\/de\/wp-json\/wp\/v2\/media?parent=1894"}],"curies":[{"name":"wp","href":"https:\/\/api.w.org\/{rel}","templated":true}]}}