{"id":2021,"date":"2026-02-05T17:16:58","date_gmt":"2026-02-05T16:16:58","guid":{"rendered":"https:\/\/midnightblue-barracuda-188246.hostingersite.com\/trekking\/"},"modified":"2026-04-13T09:39:10","modified_gmt":"2026-04-13T07:39:10","slug":"trekking","status":"publish","type":"page","link":"https:\/\/www.villaclaudiatorbole.com\/de\/trekking\/","title":{"rendered":"Trekking"},"content":{"rendered":"\t\t<div data-elementor-type=\"wp-page\" data-elementor-id=\"2021\" class=\"elementor elementor-2021 elementor-1237\" data-elementor-post-type=\"page\">\n\t\t\t\t<div class=\"elementor-element elementor-element-7debae3 e-con-full e-flex e-con e-parent\" data-id=\"7debae3\" data-element_type=\"container\" data-settings=\"{&quot;background_background&quot;:&quot;video&quot;,&quot;background_video_link&quot;:&quot;https:\\\/\\\/youtu.be\\\/FOaLe9z0pFk&quot;,&quot;background_play_on_mobile&quot;:&quot;yes&quot;}\">\n\t\t<div class=\"elementor-background-video-container\">\n\t\t\t\t\t\t\t<div class=\"elementor-background-video-embed\" role=\"presentation\"><\/div>\n\t\t\t\t\t\t<\/div><div class=\"elementor-element elementor-element-171777b e-flex e-con-boxed e-con e-child\" data-id=\"171777b\" data-element_type=\"container\" data-settings=\"{&quot;position&quot;:&quot;absolute&quot;}\">\n\t\t\t\t\t<div class=\"e-con-inner\">\n\t\t\t\t<div class=\"elementor-element elementor-element-c550a13 elementor-invisible elementor-widget elementor-widget-heading\" data-id=\"c550a13\" data-element_type=\"widget\" data-settings=\"{&quot;_animation&quot;:&quot;slideInDown&quot;}\" data-widget_type=\"heading.default\">\n\t\t\t\t\t<h1 class=\"elementor-heading-title elementor-size-default\">Trekking, Wandern und Spazierengehen<\/h1>\t\t\t\t<\/div>\n\t\t\t\t<div class=\"elementor-element elementor-element-032d266 anima-top elementor-invisible elementor-widget elementor-widget-text-editor\" data-id=\"032d266\" data-element_type=\"widget\" data-settings=\"{&quot;_animation&quot;:&quot;slideInUp&quot;,&quot;_animation_delay&quot;:200}\" data-widget_type=\"text-editor.default\">\n\t\t\t\t\t\t\t\t\t<p><span style=\"font-weight: 400;\">Gardasee zu Fu\u00df erkunden<\/span><\/p>\t\t\t\t\t\t\t\t<\/div>\n\t\t\t\t\t<\/div>\n\t\t\t\t<\/div>\n\t\t\t\t<\/div>\n\t\t<div class=\"elementor-element elementor-element-0fde9ba e-con-full e-flex e-con e-parent\" data-id=\"0fde9ba\" data-element_type=\"container\">\n\t\t<div class=\"elementor-element elementor-element-5cad433 col-sx e-flex e-con-boxed e-con e-child\" data-id=\"5cad433\" data-element_type=\"container\">\n\t\t\t\t\t<div class=\"e-con-inner\">\n\t\t<div class=\"elementor-element elementor-element-cff86d0 e-con-full e-flex e-con e-child\" data-id=\"cff86d0\" data-element_type=\"container\">\n\t\t\t\t<div class=\"elementor-element elementor-element-ab7218c elementor-widget elementor-widget-heading\" data-id=\"ab7218c\" data-element_type=\"widget\" data-widget_type=\"heading.default\">\n\t\t\t\t\t<h2 class=\"elementor-heading-title elementor-size-default\">M\u00f6chten Sie den Gardasee erkunden?  \n<\/h2>\t\t\t\t<\/div>\n\t\t\t\t<div class=\"elementor-element elementor-element-fa20c04 anima-top elementor-widget elementor-widget-text-editor\" data-id=\"fa20c04\" data-element_type=\"widget\" data-widget_type=\"text-editor.default\">\n\t\t\t\t\t\t\t\t\t<p><span style=\"font-weight: 400;\">Garda Trentino ist nicht nur ein See. Hinter dem Hotel er\u00f6ffnet sich eine Welt voller <\/span><b>Wege, <\/b><span style=\"font-weight: 400;\">die nur darauf warten, erkundet zu werden. <br><\/span> <\/p>\t\t\t\t\t\t\t\t<\/div>\n\t\t\t\t<\/div>\n\t\t<div class=\"elementor-element elementor-element-992fdb5 e-con-full e-flex e-con e-child\" data-id=\"992fdb5\" data-element_type=\"container\" data-settings=\"{&quot;background_background&quot;:&quot;classic&quot;}\">\n\t\t\t\t<\/div>\n\t\t\t\t\t<\/div>\n\t\t\t\t<\/div>\n\t\t<div class=\"elementor-element elementor-element-d510b10 col-dx e-flex e-con-boxed e-con e-child\" data-id=\"d510b10\" data-element_type=\"container\" data-settings=\"{&quot;background_background&quot;:&quot;classic&quot;}\">\n\t\t\t\t\t<div class=\"e-con-inner\">\n\t\t<div class=\"elementor-element elementor-element-2f4fbff e-con-full e-flex e-con e-child\" data-id=\"2f4fbff\" data-element_type=\"container\" data-settings=\"{&quot;background_background&quot;:&quot;classic&quot;}\">\n\t\t\t\t<\/div>\n\t\t<div class=\"elementor-element elementor-element-f2a2ff4 e-con-full anima-top e-flex e-con e-child\" data-id=\"f2a2ff4\" data-element_type=\"container\">\n\t\t\t\t<div class=\"elementor-element elementor-element-cf3eee1 anima-top elementor-widget elementor-widget-text-editor\" data-id=\"cf3eee1\" data-element_type=\"widget\" data-widget_type=\"text-editor.default\">\n\t\t\t\t\t\t\t\t\t<p><span style=\"font-weight: 400;\">Ob Sie nun einen<\/span> <b>Spaziergang mit sch\u00f6ner Aussicht<\/b> <span style=\"font-weight: 400;\">oder eine<\/span> <b>Bergwanderung <\/b><span style=\"font-weight: 400;\">zu den Gipfeln suchen \u2013 vom Hotel Villa Claudia aus k\u00f6nnen Sie direkt zu Fu\u00df losgehen.<\/span><\/p>\t\t\t\t\t\t\t\t<\/div>\n\t\t\t\t<\/div>\n\t\t\t\t\t<\/div>\n\t\t\t\t<\/div>\n\t\t\t\t<\/div>\n\t\t<div class=\"elementor-element elementor-element-7636ed3 e-flex e-con-boxed e-con e-parent\" data-id=\"7636ed3\" data-element_type=\"container\">\n\t\t\t\t\t<div class=\"e-con-inner\">\n\t\t\t\t<div class=\"elementor-element elementor-element-f7d8b04 anima-bottom elementor-widget elementor-widget-heading\" data-id=\"f7d8b04\" data-element_type=\"widget\" data-widget_type=\"heading.default\">\n\t\t\t\t\t<h2 class=\"elementor-heading-title elementor-size-default\">Dienstleistungen f\u00fcr Wanderer<\/h2>\t\t\t\t<\/div>\n\t\t\t\t<div class=\"elementor-element elementor-element-8156ad9 elementor-widget elementor-widget-text-editor\" data-id=\"8156ad9\" data-element_type=\"widget\" data-widget_type=\"text-editor.default\">\n\t\t\t\t\t\t\t\t\t<p><span style=\"font-weight: 400;\">Im Hotel finden Sie alle Unterst\u00fctzung, die Sie brauchen, um Ihre Ausfl\u00fcge bestm\u00f6glich zu organisieren.<\/span><\/p>\t\t\t\t\t\t\t\t<\/div>\n\t\t\t\t\t<\/div>\n\t\t\t\t<\/div>\n\t\t<div class=\"elementor-element elementor-element-2d01d41 e-grid e-con-boxed e-con e-parent\" data-id=\"2d01d41\" data-element_type=\"container\">\n\t\t\t\t\t<div class=\"e-con-inner\">\n\t\t<div class=\"elementor-element elementor-element-a2949d1 box e-con-full e-flex e-con e-child\" data-id=\"a2949d1\" data-element_type=\"container\" data-settings=\"{&quot;background_background&quot;:&quot;classic&quot;}\">\n\t\t<div class=\"elementor-element elementor-element-8b8919e e-con-full text-box e-flex e-con e-child\" data-id=\"8b8919e\" data-element_type=\"container\">\n\t\t\t\t<div class=\"elementor-element elementor-element-c8a0163 elementor-view-default elementor-position-block-start elementor-mobile-position-block-start elementor-widget elementor-widget-icon-box\" data-id=\"c8a0163\" data-element_type=\"widget\" data-widget_type=\"icon-box.default\">\n\t\t\t\t\t\t\t<div class=\"elementor-icon-box-wrapper\">\n\n\t\t\t\t\t\t<div class=\"elementor-icon-box-icon\">\n\t\t\t\t<span  class=\"elementor-icon\">\n\t\t\t\t<svg xmlns=\"http:\/\/www.w3.org\/2000\/svg\" width=\"119\" height=\"119\" viewBox=\"0 0 119 119\" fill=\"none\"><circle cx=\"59.5\" cy=\"59.5\" r=\"59.5\" fill=\"#E8B33D\"><\/circle><g clip-path=\"url(#clip0_33_24)\"><path d=\"M71.3167 73.4167C70.9472 73.1771 70.4979 73.0934 70.067 73.184C69.636 73.2745 69.2584 73.532 69.0167 73.9C66.6667 77.5 62.35 81.9167 58.5 83.4C54.65 84.8834 51.6333 84.35 50.4333 83.4C49.9166 82.95 48.5667 81.7334 49.7167 77.5834C50.4833 74.8167 55.25 61.7834 56.3833 58.6167L52.75 59.0834C51.6 62.1834 47.2666 73.8167 46.4833 76.7167C45.35 80.8667 45.9167 83.8834 48.3 85.9834C49.9658 87.1506 51.9673 87.7417 54 87.6667C55.9726 87.6394 57.9227 87.2437 59.75 86.5C64.4 84.6834 69.2833 79.6334 71.85 75.7167C71.9664 75.5308 72.0449 75.3237 72.0811 75.1074C72.1172 74.891 72.1104 74.6697 72.0608 74.456C72.0113 74.2423 71.92 74.0405 71.7923 73.8622C71.6646 73.6838 71.503 73.5324 71.3167 73.4167Z\" fill=\"white\"><\/path><path d=\"M61.1666 49.3335C62.65 49.3335 64.1 48.8936 65.3334 48.0695C66.5668 47.2454 67.5281 46.0741 68.0957 44.7036C68.6634 43.3332 68.8119 41.8252 68.5225 40.3703C68.2331 38.9155 67.5188 37.5791 66.4699 36.5302C65.421 35.4813 64.0847 34.767 62.6298 34.4776C61.1749 34.1882 59.6669 34.3367 58.2965 34.9044C56.9261 35.4721 55.7547 36.4334 54.9306 37.6667C54.1065 38.9001 53.6666 40.3501 53.6666 41.8335C53.6666 43.8226 54.4568 45.7303 55.8633 47.1368C57.2698 48.5433 59.1775 49.3335 61.1666 49.3335ZM61.1666 37.6668C61.9907 37.6668 62.7963 37.9112 63.4815 38.369C64.1667 38.8269 64.7008 39.4776 65.0161 40.239C65.3315 41.0003 65.414 41.8381 65.2532 42.6464C65.0925 43.4546 64.6956 44.1971 64.1129 44.7798C63.5302 45.3625 62.7878 45.7593 61.9795 45.9201C61.1712 46.0809 60.3335 45.9984 59.5721 45.683C58.8108 45.3676 58.16 44.8336 57.7022 44.1484C57.2443 43.4632 57 42.6576 57 41.8335C57 40.7284 57.4389 39.6686 58.2203 38.8872C59.0017 38.1058 60.0616 37.6668 61.1666 37.6668Z\" fill=\"white\"><\/path><path d=\"M48.6833 55.9998C48.7833 55.9998 59.1333 54.6332 61.5666 54.3332C62.65 54.1665 63.4666 54.3332 63.7333 54.5832C64 54.8332 64.0833 55.9165 63.6166 57.3832C62.6 60.4832 57.4666 75.7165 55.9666 80.2332C56.6998 80.0828 57.419 79.8709 58.1166 79.5998C58.7839 79.324 59.4254 78.9894 60.0333 78.5998C62.0833 72.6665 65.9166 61.1665 66.7833 58.5332C67.65 55.8998 67.4333 53.8998 66.2833 52.5332C65.6273 51.868 64.8061 51.3893 63.904 51.1463C63.0019 50.9032 62.0514 50.9044 61.15 51.1498C58.7666 51.3998 48.7 52.7165 48.2666 52.8165C47.8246 52.874 47.4235 53.1047 47.1516 53.4579C46.8797 53.8111 46.7592 54.2578 46.8166 54.6998C46.8741 55.1419 47.1048 55.543 47.458 55.8149C47.8112 56.0868 48.2579 56.2073 48.7 56.1498L48.6833 55.9998Z\" fill=\"white\"><\/path><\/g><defs><clipPath id=\"clip0_33_24\"><rect width=\"60\" height=\"60\" fill=\"white\" transform=\"translate(29 31)\"><\/rect><\/clipPath><\/defs><\/svg>\t\t\t\t<\/span>\n\t\t\t<\/div>\n\t\t\t\n\t\t\t\t\t\t<div class=\"elementor-icon-box-content\">\n\n\t\t\t\t\t\t\t\t\t<h3 class=\"elementor-icon-box-title\">\n\t\t\t\t\t\t<span  >\n\t\t\t\t\t\t\tMa\u00dfgeschneiderte Unterst\u00fctzung\t\t\t\t\t\t<\/span>\n\t\t\t\t\t<\/h3>\n\t\t\t\t\n\t\t\t\t\t\t\t\t\t<p class=\"elementor-icon-box-description\">\n\t\t\t\t\t\tLassen Sie sich von uns beraten, wir zeigen Ihnen den besten Weg je nach Ihrem Trainingsstand und der Ihnen zur Verf\u00fcgung stehenden Zeit\n\t\t\t\t\t<\/p>\n\t\t\t\t\n\t\t\t<\/div>\n\t\t\t\n\t\t<\/div>\n\t\t\t\t\t\t<\/div>\n\t\t\t\t<\/div>\n\t\t\t\t<\/div>\n\t\t<div class=\"elementor-element elementor-element-652f84d box e-con-full e-flex e-con e-child\" data-id=\"652f84d\" data-element_type=\"container\" data-settings=\"{&quot;background_background&quot;:&quot;classic&quot;}\">\n\t\t<div class=\"elementor-element elementor-element-85eb2ed e-con-full text-box e-flex e-con e-child\" data-id=\"85eb2ed\" data-element_type=\"container\">\n\t\t\t\t<div class=\"elementor-element elementor-element-cbe14a9 elementor-view-default elementor-position-block-start elementor-mobile-position-block-start elementor-widget elementor-widget-icon-box\" data-id=\"cbe14a9\" data-element_type=\"widget\" data-widget_type=\"icon-box.default\">\n\t\t\t\t\t\t\t<div class=\"elementor-icon-box-wrapper\">\n\n\t\t\t\t\t\t<div class=\"elementor-icon-box-icon\">\n\t\t\t\t<span  class=\"elementor-icon\">\n\t\t\t\t<svg xmlns=\"http:\/\/www.w3.org\/2000\/svg\" width=\"119\" height=\"119\" viewBox=\"0 0 119 119\" fill=\"none\"><circle cx=\"59.5\" cy=\"59.5\" r=\"59.5\" fill=\"#E8B33D\"><\/circle><path d=\"M78.625 49.2191C78.625 47.0027 78.625 45.8934 78.0236 45.0583C77.4222 44.2232 76.3704 43.8726 74.2666 43.1713L71.791 42.3468C68.8861 41.3778 67.4348 40.8933 65.9706 41.0909C64.5086 41.2864 63.2336 42.1343 60.6857 43.8322L57.749 45.7914C55.76 47.1174 54.7655 47.7804 53.6478 48.0439C53.2386 48.1416 52.8208 48.1986 52.4004 48.2139C51.2529 48.2522 50.1203 47.8739 47.8529 47.1174C44.8821 46.1272 43.3968 45.6321 42.2663 46.1357C41.8656 46.3139 41.5061 46.5729 41.2101 46.8964C40.375 47.8123 40.375 49.3763 40.375 52.5086V61.1467M78.625 57.3748V66.4911C78.625 69.6233 78.625 71.1894 77.7899 72.1011C77.4943 72.4261 77.1348 72.6866 76.7338 72.8661C75.6033 73.3676 74.1179 72.8724 71.1471 71.8822C68.8798 71.1257 67.7471 70.7474 66.5996 70.7878C66.1787 70.8016 65.7601 70.8572 65.3501 70.9536C64.2345 71.2192 63.24 71.8822 61.251 73.2061L58.3143 75.1653C55.7643 76.8653 54.4914 77.7153 53.0294 77.9087C51.5674 78.1063 50.1139 77.6218 47.209 76.6528L44.7334 75.8283C42.6296 75.1271 41.5777 74.7764 40.9764 73.9413C40.4069 73.1508 40.3771 72.1138 40.375 70.1248M65.875 41.4373V48.8748M65.875 70.1248V57.3748M53.125 77.5623V70.1248M53.125 48.8748V61.6248\" stroke=\"white\" stroke-width=\"3\" stroke-linecap=\"round\"><\/path><\/svg>\t\t\t\t<\/span>\n\t\t\t<\/div>\n\t\t\t\n\t\t\t\t\t\t<div class=\"elementor-icon-box-content\">\n\n\t\t\t\t\t\t\t\t\t<h3 class=\"elementor-icon-box-title\">\n\t\t\t\t\t\t<span  >\n\t\t\t\t\t\t\tKarten und Routen\t\t\t\t\t\t<\/span>\n\t\t\t\t\t<\/h3>\n\t\t\t\t\n\t\t\t\t\t\t\t\t\t<p class=\"elementor-icon-box-description\">\n\t\t\t\t\t\tKarten und detaillierte Informationen, damit Sie Ihren Weg leicht finden\t\t\t\t\t<\/p>\n\t\t\t\t\n\t\t\t<\/div>\n\t\t\t\n\t\t<\/div>\n\t\t\t\t\t\t<\/div>\n\t\t\t\t<\/div>\n\t\t\t\t<\/div>\n\t\t<div class=\"elementor-element elementor-element-08b9ed7 box e-con-full e-flex e-con e-child\" data-id=\"08b9ed7\" data-element_type=\"container\" data-settings=\"{&quot;background_background&quot;:&quot;classic&quot;}\">\n\t\t<div class=\"elementor-element elementor-element-8699b98 e-con-full text-box e-flex e-con e-child\" data-id=\"8699b98\" data-element_type=\"container\">\n\t\t\t\t<div class=\"elementor-element elementor-element-c964af5 elementor-view-default elementor-position-block-start elementor-mobile-position-block-start elementor-widget elementor-widget-icon-box\" data-id=\"c964af5\" data-element_type=\"widget\" data-widget_type=\"icon-box.default\">\n\t\t\t\t\t\t\t<div class=\"elementor-icon-box-wrapper\">\n\n\t\t\t\t\t\t<div class=\"elementor-icon-box-icon\">\n\t\t\t\t<span  class=\"elementor-icon\">\n\t\t\t\t<svg xmlns=\"http:\/\/www.w3.org\/2000\/svg\" width=\"119\" height=\"119\" viewBox=\"0 0 119 119\" fill=\"none\"><circle cx=\"59.5\" cy=\"59.5\" r=\"59.5\" fill=\"#E8B33D\"><\/circle><path d=\"M79.0051 35.875H39.0051C37.9443 35.875 36.9268 36.2898 36.1767 37.0283C35.4266 37.7667 35.0051 38.7682 35.0051 39.8125V79.1875C35.0051 80.2318 35.4266 81.2333 36.1767 81.9717C36.9268 82.7102 37.9443 83.125 39.0051 83.125H79.0051C80.066 83.125 81.0834 82.7102 81.8336 81.9717C82.5837 81.2333 83.0051 80.2318 83.0051 79.1875V39.8125C83.0051 38.7682 82.5837 37.7667 81.8336 37.0283C81.0834 36.2898 80.066 35.875 79.0051 35.875ZM79.0051 79.1875H39.0051V39.8125H79.0051V79.1875ZM59.0051 43.75C55.8406 43.75 52.7472 44.6737 50.116 46.4044C47.4848 48.135 45.4341 50.5948 44.2231 53.4727C43.0121 56.3507 42.6952 59.5175 43.3126 62.5727C43.9299 65.6279 45.4538 68.4343 47.6914 70.6369C49.9291 72.8396 52.78 74.3397 55.8837 74.9474C58.9874 75.5551 62.2044 75.2432 65.1281 74.0511C68.0517 72.859 70.5505 70.8403 72.3086 68.2502C74.0667 65.6602 75.0051 62.6151 75.0051 59.5C75.0005 55.3242 73.3133 51.3208 70.3137 48.3681C67.3141 45.4154 63.2472 43.7546 59.0051 43.75ZM59.0051 71.3125C56.6318 71.3125 54.3117 70.6197 52.3383 69.3217C50.3649 68.0238 48.8268 66.1789 47.9186 64.0204C47.0103 61.862 46.7727 59.4869 47.2357 57.1955C47.6987 54.9041 48.8416 52.7993 50.5198 51.1473C52.1981 49.4953 54.3363 48.3703 56.664 47.9145C58.9918 47.4587 61.4046 47.6926 63.5973 48.5867C65.79 49.4807 67.6642 50.9948 68.9828 52.9373C70.3013 54.8799 71.0051 57.1637 71.0051 59.5C71.0018 62.6319 69.7365 65.6345 67.4868 67.8491C65.237 70.0637 62.1867 71.3092 59.0051 71.3125ZM77.0051 44.7344C77.0051 45.3184 76.8292 45.8894 76.4995 46.375C76.1699 46.8607 75.7014 47.2392 75.1532 47.4627C74.605 47.6862 74.0018 47.7447 73.4199 47.6308C72.8379 47.5168 72.3034 47.2356 71.8838 46.8226C71.4643 46.4095 71.1785 45.8834 71.0628 45.3105C70.947 44.7377 71.0064 44.1439 71.2335 43.6043C71.4606 43.0646 71.8451 42.6034 72.3384 42.2789C72.8318 41.9544 73.4118 41.7812 74.0051 41.7812C74.8008 41.7812 75.5638 42.0924 76.1264 42.6462C76.6891 43.2 77.0051 43.9512 77.0051 44.7344ZM58.4201 56.9554L54.4201 60.8929C54.0448 61.2623 53.5359 61.4698 53.0051 61.4698C52.4744 61.4698 51.9654 61.2623 51.5901 60.8929C51.2148 60.5235 51.004 60.0224 51.004 59.5C51.004 58.9776 51.2148 58.4765 51.5901 58.1071L55.5901 54.1696C55.9654 53.8002 56.4744 53.5927 57.0051 53.5927C57.5359 53.5927 58.0448 53.8002 58.4201 54.1696C58.7954 54.539 59.0062 55.0401 59.0062 55.5625C59.0062 56.0849 58.7954 56.586 58.4201 56.9554ZM66.4201 56.1384C66.6061 56.3212 66.7536 56.5383 66.8542 56.7773C66.9549 57.0163 67.0067 57.2725 67.0067 57.5312C67.0067 57.79 66.9549 58.0462 66.8542 58.2852C66.7536 58.5242 66.6061 58.7413 66.4201 58.9241L58.4201 66.7991C58.2343 66.9821 58.0137 67.1272 57.7709 67.2261C57.5281 67.3251 57.2679 67.3761 57.0051 67.3761C56.7423 67.3761 56.4821 67.3251 56.2393 67.2261C55.9965 67.1272 55.7759 66.9821 55.5901 66.7991C55.4043 66.6162 55.2569 66.3991 55.1563 66.1601C55.0558 65.9211 55.004 65.6649 55.004 65.4062C55.004 65.1476 55.0558 64.8914 55.1563 64.6524C55.2569 64.4134 55.4043 64.1963 55.5901 64.0134L63.5901 56.1384C63.7759 55.9553 63.9965 55.8101 64.2392 55.711C64.482 55.6119 64.7423 55.561 65.0051 55.561C65.268 55.561 65.5282 55.6119 65.771 55.711C66.0138 55.8101 66.2344 55.9553 66.4201 56.1384Z\" fill=\"white\"><\/path><\/svg>\t\t\t\t<\/span>\n\t\t\t<\/div>\n\t\t\t\n\t\t\t\t\t\t<div class=\"elementor-icon-box-content\">\n\n\t\t\t\t\t\t\t\t\t<h3 class=\"elementor-icon-box-title\">\n\t\t\t\t\t\t<span  >\n\t\t\t\t\t\t\tW\u00e4scheservice\t\t\t\t\t\t<\/span>\n\t\t\t\t\t<\/h3>\n\t\t\t\t\n\t\t\t\t\t\t\t\t\t<p class=\"elementor-icon-box-description\">\n\t\t\t\t\t\tWaschmaschine und Trockner stehen zur Verf\u00fcgung, damit Sie Ihre Funktionskleidung immer griffbereit haben\t\t\t\t\t<\/p>\n\t\t\t\t\n\t\t\t<\/div>\n\t\t\t\n\t\t<\/div>\n\t\t\t\t\t\t<\/div>\n\t\t\t\t<\/div>\n\t\t\t\t<\/div>\n\t\t<div class=\"elementor-element elementor-element-ef4ec86 box e-con-full e-flex e-con e-child\" data-id=\"ef4ec86\" data-element_type=\"container\" data-settings=\"{&quot;background_background&quot;:&quot;classic&quot;}\">\n\t\t<div class=\"elementor-element elementor-element-0ccccef e-con-full text-box e-flex e-con e-child\" data-id=\"0ccccef\" data-element_type=\"container\">\n\t\t\t\t<div class=\"elementor-element elementor-element-c5f0217 elementor-view-default elementor-position-block-start elementor-mobile-position-block-start elementor-widget elementor-widget-icon-box\" data-id=\"c5f0217\" data-element_type=\"widget\" data-widget_type=\"icon-box.default\">\n\t\t\t\t\t\t\t<div class=\"elementor-icon-box-wrapper\">\n\n\t\t\t\t\t\t<div class=\"elementor-icon-box-icon\">\n\t\t\t\t<span  class=\"elementor-icon\">\n\t\t\t\t<svg xmlns=\"http:\/\/www.w3.org\/2000\/svg\" width=\"119\" height=\"119\" viewBox=\"0 0 119 119\" fill=\"none\"><circle cx=\"59.5\" cy=\"59.5\" r=\"59.5\" fill=\"#E8B33D\"><\/circle><path d=\"M40.1848 84.8438C42.773 84.8438 45.303 84.1565 47.455 82.8688C49.6069 81.5811 51.2842 79.7509 52.2746 77.6096C53.2651 75.4683 53.5242 73.112 53.0193 70.8388C52.5144 68.5656 51.2681 66.4775 49.438 64.8386C47.6079 63.1997 45.2762 62.0836 42.7378 61.6314C40.1993 61.1793 37.5682 61.4113 35.177 62.2983C32.7859 63.1853 30.7422 64.6873 29.3043 66.6144C27.8664 68.5416 27.0989 70.8073 27.0989 73.125C27.1028 76.2319 28.4827 79.2106 30.936 81.4075C33.3892 83.6045 36.7154 84.8402 40.1848 84.8438ZM40.1848 65.1563C41.9448 65.1563 43.6652 65.6236 45.1285 66.4992C46.5919 67.3748 47.7324 68.6194 48.4059 70.0755C49.0794 71.5316 49.2556 73.1338 48.9123 74.6796C48.5689 76.2254 47.7214 77.6453 46.477 78.7598C45.2325 79.8742 43.6469 80.6332 41.9208 80.9406C40.1947 81.2481 38.4055 81.0903 36.7795 80.4872C35.1536 79.884 33.7638 78.8627 32.786 77.5522C31.8083 76.2417 31.2864 74.7011 31.2864 73.125C31.289 71.0123 32.2274 68.9868 33.8956 67.4929C35.5638 65.999 37.8256 65.1586 40.1848 65.1563ZM63.7395 73.125C63.7395 75.4428 64.507 77.7085 65.9449 79.6356C67.3828 81.5627 69.4265 83.0647 71.8177 83.9517C74.2088 84.8387 76.84 85.0707 79.3784 84.6186C81.9168 84.1664 84.2485 83.0503 86.0786 81.4114C87.9087 79.7725 89.155 77.6844 89.6599 75.4112C90.1649 73.138 89.9057 70.7818 88.9153 68.6404C87.9248 66.4991 86.2476 64.6689 84.0956 63.3812C81.9436 62.0935 79.4136 61.4063 76.8254 61.4063C73.356 61.4098 70.0299 62.6455 67.5766 64.8425C65.1234 67.0394 63.7434 70.0181 63.7395 73.125ZM76.8254 65.1563C78.5854 65.1563 80.3058 65.6236 81.7692 66.4992C83.2325 67.3748 84.373 68.6194 85.0465 70.0755C85.72 71.5316 85.8962 73.1338 85.5529 74.6796C85.2096 76.2254 84.3621 77.6453 83.1176 78.7598C81.8731 79.8742 80.2876 80.6332 78.5614 80.9406C76.8353 81.2481 75.0461 81.0903 73.4202 80.4872C71.7942 79.884 70.4044 78.8627 69.4267 77.5522C68.4489 76.2417 67.927 74.7011 67.927 73.125C67.9297 71.0123 68.868 68.9868 70.5362 67.4929C72.2044 65.999 74.4663 65.1586 76.8254 65.1563Z\" fill=\"white\"><\/path><path d=\"M66.6069 45.0206C69.0704 45.0206 71.0676 43.2321 71.0676 41.0259C71.0676 38.8197 69.0704 37.0312 66.6069 37.0312C64.1433 37.0312 62.1461 38.8197 62.1461 41.0259C62.1461 43.2321 64.1433 45.0206 66.6069 45.0206Z\" fill=\"white\"><\/path><path d=\"M49.9932 61.2069L56.4114 66.8776V77.3436H60.5989V66.4856C60.5978 66.1132 60.5146 65.7447 60.3542 65.4012C60.1938 65.0576 59.9592 64.7458 59.664 64.4836L52.9543 58.5553L61.6503 50.7679L69.2618 57.7465C69.5549 58.0139 69.9045 58.2265 70.2902 58.372C70.6759 58.5174 71.09 58.5927 71.5085 58.5936H75.2551V54.8436H71.9493L59.8466 43.7474L59.7844 43.8018L58.6852 42.8174L44.0289 55.9424L49.9508 61.2456L49.9932 61.2069Z\" fill=\"white\"><\/path><\/svg>\t\t\t\t<\/span>\n\t\t\t<\/div>\n\t\t\t\n\t\t\t\t\t\t<div class=\"elementor-icon-box-content\">\n\n\t\t\t\t\t\t\t\t\t<h3 class=\"elementor-icon-box-title\">\n\t\t\t\t\t\t<span  >\n\t\t\t\t\t\t\tLagerraum\t\t\t\t\t\t<\/span>\n\t\t\t\t\t<\/h3>\n\t\t\t\t\n\t\t\t\t\t\t\t\t\t<p class=\"elementor-icon-box-description\">\n\t\t\t\t\t\tSicherer Platz f\u00fcr Ihre Ausr\u00fcstung\t\t\t\t\t<\/p>\n\t\t\t\t\n\t\t\t<\/div>\n\t\t\t\n\t\t<\/div>\n\t\t\t\t\t\t<\/div>\n\t\t\t\t<\/div>\n\t\t\t\t<\/div>\n\t\t<div class=\"elementor-element elementor-element-9849077 box e-con-full e-flex e-con e-child\" data-id=\"9849077\" data-element_type=\"container\" data-settings=\"{&quot;background_background&quot;:&quot;classic&quot;}\">\n\t\t<div class=\"elementor-element elementor-element-26de0a3 e-con-full text-box e-flex e-con e-child\" data-id=\"26de0a3\" data-element_type=\"container\">\n\t\t\t\t<div class=\"elementor-element elementor-element-a4923e3 elementor-view-default elementor-position-block-start elementor-mobile-position-block-start elementor-widget elementor-widget-icon-box\" data-id=\"a4923e3\" data-element_type=\"widget\" data-widget_type=\"icon-box.default\">\n\t\t\t\t\t\t\t<div class=\"elementor-icon-box-wrapper\">\n\n\t\t\t\t\t\t<div class=\"elementor-icon-box-icon\">\n\t\t\t\t<span  class=\"elementor-icon\">\n\t\t\t\t<svg xmlns=\"http:\/\/www.w3.org\/2000\/svg\" width=\"119\" height=\"119\" viewBox=\"0 0 119 119\" fill=\"none\"><circle cx=\"59.5\" cy=\"59.5\" r=\"59.5\" fill=\"#E8B33D\"><\/circle><g clip-path=\"url(#clip0_33_24)\"><path d=\"M35 49.375H39.0833V55.5C44.1875 59.5833 44.1875 63.1175 44.1875 68.7137V74.8958C44.1875 75.9788 43.7573 77.0174 42.9915 77.7832C42.2257 78.549 41.1871 78.9792 40.1042 78.9792H35M84 49.375H79.9167V55.5C74.8125 59.5833 74.8125 63.1175 74.8125 68.7137V74.8958C74.8125 75.9788 75.2427 77.0174 76.0085 77.7832C76.7743 78.549 77.8129 78.9792 78.8958 78.9792H84M50.3125 68.7137V74.8958C50.3125 75.9788 50.7427 77.0174 51.5085 77.7832C52.2743 78.549 53.3129 78.9792 54.3958 78.9792H64.6042C65.6871 78.9792 66.7257 78.549 67.4915 77.7832C68.2573 77.0174 68.6875 75.9788 68.6875 74.8958V68.7137C68.6875 63.1195 68.6875 59.5833 63.5833 55.5V49.375H55.4167V55.5C50.3125 59.5833 50.3125 63.1175 50.3125 68.7137ZM63.5833 40.0773C63.5833 42.3639 61.756 44.2708 59.5 44.2708C57.244 44.2708 55.4167 42.3639 55.4167 40.0773C55.4194 39.854 55.4521 39.6254 55.5147 39.3913C55.9026 37.8988 56.9377 36.684 57.8953 35.4917L58.1403 35.1895C59.4857 33.2846 59.5 31.6983 59.5 31C59.5 31.6983 59.5143 33.2867 60.8618 35.1895L61.1068 35.4917C62.0623 36.684 63.0974 37.8988 63.4853 39.3913C63.5493 39.6254 63.582 39.854 63.5833 40.0773Z\" stroke=\"white\" stroke-width=\"3\"><\/path><\/g><defs><clipPath id=\"clip0_33_24\"><rect width=\"49\" height=\"49\" fill=\"white\" transform=\"translate(35 31)\"><\/rect><\/clipPath><\/defs><\/svg>\t\t\t\t<\/span>\n\t\t\t<\/div>\n\t\t\t\n\t\t\t\t\t\t<div class=\"elementor-icon-box-content\">\n\n\t\t\t\t\t\t\t\t\t<h3 class=\"elementor-icon-box-title\">\n\t\t\t\t\t\t<span  >\n\t\t\t\t\t\t\tTrinkwasser-Station\t\t\t\t\t\t<\/span>\n\t\t\t\t\t<\/h3>\n\t\t\t\t\n\t\t\t\t\t\t\t\t\t<p class=\"elementor-icon-box-description\">\n\t\t\t\t\t\tImmer verf\u00fcgbar, um Ihre Wasserflasche zu f\u00fcllen\t\t\t\t\t<\/p>\n\t\t\t\t\n\t\t\t<\/div>\n\t\t\t\n\t\t<\/div>\n\t\t\t\t\t\t<\/div>\n\t\t\t\t<\/div>\n\t\t\t\t<\/div>\n\t\t\t\t\t<\/div>\n\t\t\t\t<\/div>\n\t\t\t\t<\/div>\n\t\t","protected":false},"excerpt":{"rendered":"<p>Trekking, Wandern und Spazierengehen Gardasee zu Fu\u00df erkunden M\u00f6chten Sie den Gardasee erkunden? Garda Trentino ist nicht nur ein See. Hinter dem Hotel er\u00f6ffnet sich eine Welt voller Wege, die nur darauf warten, erkundet zu werden. Ob Sie nun einen Spaziergang mit sch\u00f6ner Aussicht oder eine Bergwanderung zu den Gipfeln suchen \u2013 vom Hotel Villa [&hellip;]<\/p>\n","protected":false},"author":1,"featured_media":2024,"parent":0,"menu_order":0,"comment_status":"closed","ping_status":"closed","template":"","meta":{"footnotes":""},"class_list":["post-2021","page","type-page","status-publish","has-post-thumbnail","hentry"],"_links":{"self":[{"href":"https:\/\/www.villaclaudiatorbole.com\/de\/wp-json\/wp\/v2\/pages\/2021","targetHints":{"allow":["GET"]}}],"collection":[{"href":"https:\/\/www.villaclaudiatorbole.com\/de\/wp-json\/wp\/v2\/pages"}],"about":[{"href":"https:\/\/www.villaclaudiatorbole.com\/de\/wp-json\/wp\/v2\/types\/page"}],"author":[{"embeddable":true,"href":"https:\/\/www.villaclaudiatorbole.com\/de\/wp-json\/wp\/v2\/users\/1"}],"replies":[{"embeddable":true,"href":"https:\/\/www.villaclaudiatorbole.com\/de\/wp-json\/wp\/v2\/comments?post=2021"}],"version-history":[{"count":7,"href":"https:\/\/www.villaclaudiatorbole.com\/de\/wp-json\/wp\/v2\/pages\/2021\/revisions"}],"predecessor-version":[{"id":3516,"href":"https:\/\/www.villaclaudiatorbole.com\/de\/wp-json\/wp\/v2\/pages\/2021\/revisions\/3516"}],"wp:featuredmedia":[{"embeddable":true,"href":"https:\/\/www.villaclaudiatorbole.com\/de\/wp-json\/wp\/v2\/media\/2024"}],"wp:attachment":[{"href":"https:\/\/www.villaclaudiatorbole.com\/de\/wp-json\/wp\/v2\/media?parent=2021"}],"curies":[{"name":"wp","href":"https:\/\/api.w.org\/{rel}","templated":true}]}}