{"id":2058,"date":"2026-02-05T18:03:12","date_gmt":"2026-02-05T17:03:12","guid":{"rendered":"https:\/\/midnightblue-barracuda-188246.hostingersite.com\/umgebungen\/"},"modified":"2026-02-19T15:49:11","modified_gmt":"2026-02-19T14:49:11","slug":"umgebungen","status":"publish","type":"page","link":"https:\/\/www.villaclaudiatorbole.com\/de\/umgebungen\/","title":{"rendered":"Umgebungen"},"content":{"rendered":"\t\t<div data-elementor-type=\"wp-page\" data-elementor-id=\"2058\" class=\"elementor elementor-2058 elementor-1283\" data-elementor-post-type=\"page\">\n\t\t\t\t<div class=\"elementor-element elementor-element-98b131c e-con-full e-flex e-con e-parent\" data-id=\"98b131c\" data-element_type=\"container\">\n\t\t\t\t<div class=\"elementor-element elementor-element-dff5e23 elementor--h-position-center elementor--v-position-middle elementor-arrows-position-inside elementor-widget elementor-widget-slides\" data-id=\"dff5e23\" data-element_type=\"widget\" data-settings=\"{&quot;navigation&quot;:&quot;arrows&quot;,&quot;autoplay&quot;:&quot;yes&quot;,&quot;pause_on_hover&quot;:&quot;yes&quot;,&quot;pause_on_interaction&quot;:&quot;yes&quot;,&quot;autoplay_speed&quot;:5000,&quot;infinite&quot;:&quot;yes&quot;,&quot;transition&quot;:&quot;slide&quot;,&quot;transition_speed&quot;:500}\" data-widget_type=\"slides.default\">\n\t\t\t\t\t\t\t\t\t\t<div class=\"elementor-slides-wrapper elementor-main-swiper swiper\" role=\"region\" aria-roledescription=\"carousel\" aria-label=\"Slides\" dir=\"ltr\" data-animation=\"fadeInUp\">\n\t\t\t\t<div class=\"swiper-wrapper elementor-slides\">\n\t\t\t\t\t\t\t\t\t\t<div class=\"elementor-repeater-item-ad56959 swiper-slide\" role=\"group\" aria-roledescription=\"slide\"><div class=\"swiper-slide-bg elementor-ken-burns elementor-ken-burns--in\" role=\"img\" aria-label=\"Paar sitzt in einer historischen Gasse.\"><\/div><div class=\"elementor-background-overlay\"><\/div><div class=\"swiper-slide-inner\" ><div class=\"swiper-slide-contents\"><\/div><\/div><\/div><div class=\"elementor-repeater-item-aef7f8f swiper-slide\" role=\"group\" aria-roledescription=\"slide\"><div class=\"swiper-slide-bg elementor-ken-burns elementor-ken-burns--in\" role=\"img\" aria-label=\"Panoramastra\u00dfe durch die Berge\"><\/div><div class=\"elementor-background-overlay\"><\/div><div class=\"swiper-slide-inner\" ><div class=\"swiper-slide-contents\"><\/div><\/div><\/div><div class=\"elementor-repeater-item-2b39016 swiper-slide\" role=\"group\" aria-roledescription=\"slide\"><div class=\"swiper-slide-bg elementor-ken-burns elementor-ken-burns--in\" role=\"img\" aria-label=\"Paar umarmt sich am See.\"><\/div><div class=\"elementor-background-overlay\"><\/div><div class=\"swiper-slide-inner\" ><div class=\"swiper-slide-contents\"><\/div><\/div><\/div>\t\t\t\t<\/div>\n\t\t\t\t\t\t\t\t\t\t\t\t\t\t\t<div class=\"elementor-swiper-button elementor-swiper-button-prev\" role=\"button\" tabindex=\"0\" aria-label=\"Vorheriger Slide\">\n\t\t\t\t\t\t\t<svg aria-hidden=\"true\" class=\"e-font-icon-svg e-eicon-chevron-left\" viewBox=\"0 0 1000 1000\" xmlns=\"http:\/\/www.w3.org\/2000\/svg\"><path d=\"M646 125C629 125 613 133 604 142L308 442C296 454 292 471 292 487 292 504 296 521 308 533L604 854C617 867 629 875 646 875 663 875 679 871 692 858 704 846 713 829 713 812 713 796 708 779 692 767L438 487 692 225C700 217 708 204 708 187 708 171 704 154 692 142 675 129 663 125 646 125Z\"><\/path><\/svg>\t\t\t\t\t\t<\/div>\n\t\t\t\t\t\t<div class=\"elementor-swiper-button elementor-swiper-button-next\" role=\"button\" tabindex=\"0\" aria-label=\"N\u00e4chster Slide\">\n\t\t\t\t\t\t\t<svg aria-hidden=\"true\" class=\"e-font-icon-svg e-eicon-chevron-right\" viewBox=\"0 0 1000 1000\" xmlns=\"http:\/\/www.w3.org\/2000\/svg\"><path d=\"M696 533C708 521 713 504 713 487 713 471 708 454 696 446L400 146C388 133 375 125 354 125 338 125 325 129 313 142 300 154 292 171 292 187 292 204 296 221 308 233L563 492 304 771C292 783 288 800 288 817 288 833 296 850 308 863 321 871 338 875 354 875 371 875 388 867 400 854L696 533Z\"><\/path><\/svg>\t\t\t\t\t\t<\/div>\n\t\t\t\t\t\t\t\t\t\t\t\t\t\t\t\t\t<\/div>\n\t\t\t\t\t\t\t\t<\/div>\n\t\t<div class=\"elementor-element elementor-element-bb79bca e-flex e-con-boxed e-con e-child\" data-id=\"bb79bca\" data-element_type=\"container\" data-settings=\"{&quot;position&quot;:&quot;absolute&quot;}\">\n\t\t\t\t\t<div class=\"e-con-inner\">\n\t\t\t\t<div class=\"elementor-element elementor-element-fc57d24 elementor-invisible elementor-widget elementor-widget-heading\" data-id=\"fc57d24\" data-element_type=\"widget\" data-settings=\"{&quot;_animation&quot;:&quot;slideInDown&quot;}\" data-widget_type=\"heading.default\">\n\t\t\t\t\t<h1 class=\"elementor-heading-title elementor-size-default\">Entdecken Sie die Umgebung<\/h1>\t\t\t\t<\/div>\n\t\t\t\t<div class=\"elementor-element elementor-element-af18b8d anima-top elementor-invisible elementor-widget elementor-widget-text-editor\" data-id=\"af18b8d\" data-element_type=\"widget\" data-settings=\"{&quot;_animation&quot;:&quot;slideInUp&quot;,&quot;_animation_delay&quot;:200}\" data-widget_type=\"text-editor.default\">\n\t\t\t\t\t\t\t\t\t<p><span style=\"font-weight: 400;\">Ein Land voller Emotionen und Abenteuer<\/span><\/p>\t\t\t\t\t\t\t\t<\/div>\n\t\t\t\t\t<\/div>\n\t\t\t\t<\/div>\n\t\t\t\t<\/div>\n\t\t<div class=\"elementor-element elementor-element-207cae7 e-con-full e-flex e-con e-parent\" data-id=\"207cae7\" data-element_type=\"container\">\n\t\t<div class=\"elementor-element elementor-element-2d9623a col-sx e-flex e-con-boxed e-con e-child\" data-id=\"2d9623a\" data-element_type=\"container\">\n\t\t\t\t\t<div class=\"e-con-inner\">\n\t\t<div class=\"elementor-element elementor-element-0b2929f e-con-full e-flex e-con e-child\" data-id=\"0b2929f\" data-element_type=\"container\">\n\t\t\t\t<div class=\"elementor-element elementor-element-72bcf70 anima-bottom elementor-widget elementor-widget-heading\" data-id=\"72bcf70\" data-element_type=\"widget\" data-widget_type=\"heading.default\">\n\t\t\t\t\t<h2 class=\"elementor-heading-title elementor-size-default\">Natur und Wandern rund um Torbole<\/h2>\t\t\t\t<\/div>\n\t\t\t\t<div class=\"elementor-element elementor-element-ea7ce70 anima-top elementor-widget elementor-widget-text-editor\" data-id=\"ea7ce70\" data-element_type=\"widget\" data-widget_type=\"text-editor.default\">\n\t\t\t\t\t\t\t\t\t<p><span style=\"font-weight: 400;\">Auch in der Umgebung von Torbole \u00fcberrascht die Natur. Nur wenige Kilometer vom See entfernt findet man eine andere, faszinierende Landschaft: Bergseen, Wasserfl\u00e4chen, Wasserf\u00e4lle und Aussichtspunkte. <\/span><\/p>\t\t\t\t\t\t\t\t<\/div>\n\t\t\t\t<\/div>\n\t\t<div class=\"elementor-element elementor-element-f07fd0d e-con-full e-flex e-con e-child\" data-id=\"f07fd0d\" data-element_type=\"container\" data-settings=\"{&quot;background_background&quot;:&quot;classic&quot;}\">\n\t\t\t\t<\/div>\n\t\t\t\t\t<\/div>\n\t\t\t\t<\/div>\n\t\t<div class=\"elementor-element elementor-element-2a94fa3 col-dx e-flex e-con-boxed e-con e-child\" data-id=\"2a94fa3\" data-element_type=\"container\" data-settings=\"{&quot;background_background&quot;:&quot;classic&quot;}\">\n\t\t\t\t\t<div class=\"e-con-inner\">\n\t\t<div class=\"elementor-element elementor-element-77a99f7 e-con-full e-flex e-con e-child\" data-id=\"77a99f7\" data-element_type=\"container\" data-settings=\"{&quot;background_background&quot;:&quot;classic&quot;}\">\n\t\t\t\t<\/div>\n\t\t<div class=\"elementor-element elementor-element-146b567 e-con-full anima-top e-flex e-con e-child\" data-id=\"146b567\" data-element_type=\"container\">\n\t\t\t\t<div class=\"elementor-element elementor-element-6d95364 anima-top elementor-widget elementor-widget-text-editor\" data-id=\"6d95364\" data-element_type=\"widget\" data-widget_type=\"text-editor.default\">\n\t\t\t\t\t\t\t\t\t<p>Der Aufenthalt im <b>Hotel Villa Claudia<\/b> ist an dem <b>richtigen Ort<\/b>, um diese Orte zu entdecken, ideal f\u00fcr einen <b>Halbtagesausflug<\/b>.<\/p>\t\t\t\t\t\t\t\t<\/div>\n\t\t\t\t<\/div>\n\t\t\t\t\t<\/div>\n\t\t\t\t<\/div>\n\t\t\t\t<\/div>\n\t\t<div class=\"elementor-element elementor-element-eef5839 e-con-full e-flex e-con e-parent\" data-id=\"eef5839\" data-element_type=\"container\" data-settings=\"{&quot;background_background&quot;:&quot;classic&quot;,&quot;background_motion_fx_motion_fx_scrolling&quot;:&quot;yes&quot;,&quot;background_motion_fx_scale_effect&quot;:&quot;yes&quot;,&quot;background_motion_fx_scale_direction&quot;:&quot;in-out&quot;,&quot;background_motion_fx_scale_range&quot;:{&quot;unit&quot;:&quot;%&quot;,&quot;size&quot;:&quot;&quot;,&quot;sizes&quot;:{&quot;start&quot;:0,&quot;end&quot;:100}},&quot;background_motion_fx_scale_speed&quot;:{&quot;unit&quot;:&quot;px&quot;,&quot;size&quot;:4,&quot;sizes&quot;:[]},&quot;background_motion_fx_devices&quot;:[&quot;widescreen&quot;,&quot;desktop&quot;,&quot;laptop&quot;,&quot;tablet_extra&quot;,&quot;tablet&quot;,&quot;mobile_extra&quot;,&quot;mobile&quot;]}\">\n\t\t\t\t<\/div>\n\t\t<div class=\"elementor-element elementor-element-0378a23 e-con-full e-flex e-con e-parent\" data-id=\"0378a23\" data-element_type=\"container\">\n\t\t<div class=\"elementor-element elementor-element-47caa77 col-sx e-flex e-con-boxed e-con e-child\" data-id=\"47caa77\" data-element_type=\"container\" data-settings=\"{&quot;background_background&quot;:&quot;classic&quot;}\">\n\t\t\t\t\t<div class=\"e-con-inner\">\n\t\t<div class=\"elementor-element elementor-element-22f7fb2 e-con-full e-flex e-con e-child\" data-id=\"22f7fb2\" data-element_type=\"container\" data-settings=\"{&quot;background_background&quot;:&quot;classic&quot;}\">\n\t\t\t\t<\/div>\n\t\t<div class=\"elementor-element elementor-element-7559c44 e-con-full e-flex e-con e-child\" data-id=\"7559c44\" data-element_type=\"container\">\n\t\t\t\t<div class=\"elementor-element elementor-element-58c939e elementor-widget elementor-widget-text-editor\" data-id=\"58c939e\" data-element_type=\"widget\" data-widget_type=\"text-editor.default\">\n\t\t\t\t\t\t\t\t\t<p>Es ist ein malerischer Ort: Von seinem Vorplatz aus hat man <b>einen spektakul\u00e4ren Blick \u00fcber das gesamte Garda Trentino<\/b>, um ein Foto zu machen oder den Atem zu holen und das Panorama zu genie\u00dfen.<\/p>\t\t\t\t\t\t\t\t<\/div>\n\t\t\t\t<\/div>\n\t\t\t\t\t<\/div>\n\t\t\t\t<\/div>\n\t\t<div class=\"elementor-element elementor-element-cced45b col-dx e-flex e-con-boxed e-con e-child\" data-id=\"cced45b\" data-element_type=\"container\">\n\t\t\t\t\t<div class=\"e-con-inner\">\n\t\t<div class=\"elementor-element elementor-element-9aa18b7 e-con-full e-flex e-con e-child\" data-id=\"9aa18b7\" data-element_type=\"container\">\n\t\t\t\t<div class=\"elementor-element elementor-element-a280a23 anima-bottom elementor-widget elementor-widget-heading\" data-id=\"a280a23\" data-element_type=\"widget\" data-widget_type=\"heading.default\">\n\t\t\t\t\t<h1 class=\"elementor-heading-title elementor-size-default\">Torbole von oben<\/h1>\t\t\t\t<\/div>\n\t\t\t\t<div class=\"elementor-element elementor-element-217663d anima-top elementor-widget elementor-widget-text-editor\" data-id=\"217663d\" data-element_type=\"widget\" data-widget_type=\"text-editor.default\">\n\t\t\t\t\t\t\t\t\t<p><span style=\"font-weight: 400;\">Sie brauchen nicht weit zu gehen, um den See zu bewundern, mit einem kurzen Spaziergang bergauf erreichen Sie die <\/span><b>Kirche von Sant&#8217;Andrea <\/b><span style=\"font-weight: 400;\">die oberhalb des Dorfes liegt. <\/span> <\/p>\t\t\t\t\t\t\t\t<\/div>\n\t\t\t\t<\/div>\n\t\t<div class=\"elementor-element elementor-element-75704b7 e-con-full e-flex e-con e-child\" data-id=\"75704b7\" data-element_type=\"container\" data-settings=\"{&quot;background_background&quot;:&quot;classic&quot;}\">\n\t\t\t\t<\/div>\n\t\t\t\t\t<\/div>\n\t\t\t\t<\/div>\n\t\t\t\t<\/div>\n\t\t<div class=\"elementor-element elementor-element-5b766fc e-flex e-con-boxed e-con e-parent\" data-id=\"5b766fc\" data-element_type=\"container\">\n\t\t\t\t\t<div class=\"e-con-inner\">\n\t\t\t\t<div class=\"elementor-element elementor-element-df95279 anima-bottom elementor-widget elementor-widget-heading\" data-id=\"df95279\" data-element_type=\"widget\" data-widget_type=\"heading.default\">\n\t\t\t\t\t<h2 class=\"elementor-heading-title elementor-size-default\">Mit Blick auf den See:<br>la Ponale<\/h2>\t\t\t\t<\/div>\n\t\t\t\t<div class=\"elementor-element elementor-element-aaa8beb elementor-widget elementor-widget-text-editor\" data-id=\"aaa8beb\" data-element_type=\"widget\" data-widget_type=\"text-editor.default\">\n\t\t\t\t\t\t\t\t\t<p>Wenn Sie auf der Suche nach einer landschaftlich reizvollen Wanderung sind, ist die <b>Ponale Stra\u00dfe<\/b> ein unverzichtbarer Klassiker.<br> <\/p><p>Es handelt sich um einen in den Fels gehauenen Weg, der Riva del Garda mit dem Ledrotal verbindet. Sie k\u00f6nnen ihn zu <b><a href=\"https:\/\/midnightblue-barracuda-188246.hostingersite.com\/de\/trekking\/\" rel=\"nofollow noopener\" target=\"_blank\">Fu\u00df <\/a><\/b>oder mit dem <b><a href=\"https:\/\/midnightblue-barracuda-188246.hostingersite.com\/fahrrad\/\" rel=\"nofollow noopener\" target=\"_blank\">Mountainbike<\/a>: <\/b>er bietet einzigartige Ausblicke \u00fcber das Wasser und ist auch f\u00fcr diejenigen geeignet, die keine extremen Leistungen suchen.<\/p>\t\t\t\t\t\t\t\t<\/div>\n\t\t\t\t\t<\/div>\n\t\t\t\t<\/div>\n\t\t<div class=\"elementor-element elementor-element-755431a e-con-full e-flex e-con e-parent\" data-id=\"755431a\" data-element_type=\"container\" data-settings=\"{&quot;background_background&quot;:&quot;classic&quot;,&quot;background_motion_fx_motion_fx_scrolling&quot;:&quot;yes&quot;,&quot;background_motion_fx_scale_effect&quot;:&quot;yes&quot;,&quot;background_motion_fx_scale_direction&quot;:&quot;in-out&quot;,&quot;background_motion_fx_scale_range&quot;:{&quot;unit&quot;:&quot;%&quot;,&quot;size&quot;:&quot;&quot;,&quot;sizes&quot;:{&quot;start&quot;:0,&quot;end&quot;:100}},&quot;background_motion_fx_scale_speed&quot;:{&quot;unit&quot;:&quot;px&quot;,&quot;size&quot;:4,&quot;sizes&quot;:[]},&quot;background_motion_fx_devices&quot;:[&quot;widescreen&quot;,&quot;desktop&quot;,&quot;laptop&quot;,&quot;tablet_extra&quot;,&quot;tablet&quot;,&quot;mobile_extra&quot;,&quot;mobile&quot;]}\">\n\t\t\t\t<\/div>\n\t\t<div class=\"elementor-element elementor-element-c630e40 e-con-full e-flex e-con e-parent\" data-id=\"c630e40\" data-element_type=\"container\">\n\t\t<div class=\"elementor-element elementor-element-6904302 col-sx e-flex e-con-boxed e-con e-child\" data-id=\"6904302\" data-element_type=\"container\" data-settings=\"{&quot;background_background&quot;:&quot;classic&quot;}\">\n\t\t\t\t\t<div class=\"e-con-inner\">\n\t\t<div class=\"elementor-element elementor-element-acbbf58 e-con-full e-flex e-con e-child\" data-id=\"acbbf58\" data-element_type=\"container\" data-settings=\"{&quot;background_background&quot;:&quot;classic&quot;}\">\n\t\t\t\t<\/div>\n\t\t<div class=\"elementor-element elementor-element-bb96121 e-con-full e-flex e-con e-child\" data-id=\"bb96121\" data-element_type=\"container\">\n\t\t\t\t<div class=\"elementor-element elementor-element-f88d588 anima-top elementor-widget elementor-widget-text-editor\" data-id=\"f88d588\" data-element_type=\"widget\" data-widget_type=\"text-editor.default\">\n\t\t\t\t\t\t\t\t\t<p><span style=\"font-weight: 400;\">Es sind einfache Ziele,<b> leicht zu erreichen<\/b>, ideal, um in die Natur einzutauchen.<\/span><\/p><p><span style=\"font-weight: 400;\">M\u00f6chten Sie mehr wissen? Fragen Sie an der Rezeption.   <\/span><\/p>\t\t\t\t\t\t\t\t<\/div>\n\t\t\t\t<\/div>\n\t\t\t\t\t<\/div>\n\t\t\t\t<\/div>\n\t\t<div class=\"elementor-element elementor-element-2feac4c col-dx e-flex e-con-boxed e-con e-child\" data-id=\"2feac4c\" data-element_type=\"container\">\n\t\t\t\t\t<div class=\"e-con-inner\">\n\t\t<div class=\"elementor-element elementor-element-260f64a e-con-full e-flex e-con e-child\" data-id=\"260f64a\" data-element_type=\"container\">\n\t\t\t\t<div class=\"elementor-element elementor-element-d67d1dc anima-bottom elementor-widget elementor-widget-heading\" data-id=\"d67d1dc\" data-element_type=\"widget\" data-widget_type=\"heading.default\">\n\t\t\t\t\t<h1 class=\"elementor-heading-title elementor-size-default\">Zwischen Seen und Natur<\/h1>\t\t\t\t<\/div>\n\t\t\t\t<div class=\"elementor-element elementor-element-8f92e3b anima-top elementor-widget elementor-widget-text-editor\" data-id=\"8f92e3b\" data-element_type=\"widget\" data-widget_type=\"text-editor.default\">\n\t\t\t\t\t\t\t\t\t<p><span style=\"font-weight: 400;\">Wenn Sie hingegen auf der Suche nach Abk\u00fchlung sind, bietet die Umgebung einzigartige Ziele wie den Tenno-See, der f\u00fcr <\/span><span style=\"font-weight: 400;\">sein t\u00fcrkisfarbenes Badewasser ber\u00fchmt ist, oder den spektakul\u00e4ren <\/span><b>Varone-Wasserfall<\/b><span style=\"font-weight: 400;\">, wo das Wasser kraftvoll in eine H\u00f6hle hinabst\u00fcrzt. <\/span> <\/p>\t\t\t\t\t\t\t\t<\/div>\n\t\t\t\t<\/div>\n\t\t<div class=\"elementor-element elementor-element-d2b6b21 e-con-full e-flex e-con e-child\" data-id=\"d2b6b21\" data-element_type=\"container\" data-settings=\"{&quot;background_background&quot;:&quot;classic&quot;}\">\n\t\t\t\t<\/div>\n\t\t\t\t\t<\/div>\n\t\t\t\t<\/div>\n\t\t\t\t<\/div>\n\t\t\t\t<\/div>\n\t\t","protected":false},"excerpt":{"rendered":"<p>Entdecken Sie die Umgebung Ein Land voller Emotionen und Abenteuer Natur und Wandern rund um Torbole Auch in der Umgebung von Torbole \u00fcberrascht die Natur. Nur wenige Kilometer vom See entfernt findet man eine andere, faszinierende Landschaft: Bergseen, Wasserfl\u00e4chen, Wasserf\u00e4lle und Aussichtspunkte. Der Aufenthalt im Hotel Villa Claudia ist an dem richtigen Ort, um diese [&hellip;]<\/p>\n","protected":false},"author":1,"featured_media":2069,"parent":0,"menu_order":0,"comment_status":"closed","ping_status":"closed","template":"","meta":{"footnotes":""},"class_list":["post-2058","page","type-page","status-publish","has-post-thumbnail","hentry"],"_links":{"self":[{"href":"https:\/\/www.villaclaudiatorbole.com\/de\/wp-json\/wp\/v2\/pages\/2058","targetHints":{"allow":["GET"]}}],"collection":[{"href":"https:\/\/www.villaclaudiatorbole.com\/de\/wp-json\/wp\/v2\/pages"}],"about":[{"href":"https:\/\/www.villaclaudiatorbole.com\/de\/wp-json\/wp\/v2\/types\/page"}],"author":[{"embeddable":true,"href":"https:\/\/www.villaclaudiatorbole.com\/de\/wp-json\/wp\/v2\/users\/1"}],"replies":[{"embeddable":true,"href":"https:\/\/www.villaclaudiatorbole.com\/de\/wp-json\/wp\/v2\/comments?post=2058"}],"version-history":[{"count":6,"href":"https:\/\/www.villaclaudiatorbole.com\/de\/wp-json\/wp\/v2\/pages\/2058\/revisions"}],"predecessor-version":[{"id":3190,"href":"https:\/\/www.villaclaudiatorbole.com\/de\/wp-json\/wp\/v2\/pages\/2058\/revisions\/3190"}],"wp:featuredmedia":[{"embeddable":true,"href":"https:\/\/www.villaclaudiatorbole.com\/de\/wp-json\/wp\/v2\/media\/2069"}],"wp:attachment":[{"href":"https:\/\/www.villaclaudiatorbole.com\/de\/wp-json\/wp\/v2\/media?parent=2058"}],"curies":[{"name":"wp","href":"https:\/\/api.w.org\/{rel}","templated":true}]}}