{"id":2308,"date":"2026-02-05T16:29:27","date_gmt":"2026-02-05T15:29:27","guid":{"rendered":"https:\/\/midnightblue-barracuda-188246.hostingersite.com\/segeln\/"},"modified":"2026-04-13T09:40:47","modified_gmt":"2026-04-13T07:40:47","slug":"segeln","status":"publish","type":"page","link":"https:\/\/www.villaclaudiatorbole.com\/de\/segeln\/","title":{"rendered":"Segeln"},"content":{"rendered":"\t\t<div data-elementor-type=\"wp-page\" data-elementor-id=\"2308\" class=\"elementor elementor-2308 elementor-1218\" data-elementor-post-type=\"page\">\n\t\t\t\t<div class=\"elementor-element elementor-element-ef607a8 e-con-full e-flex e-con e-parent\" data-id=\"ef607a8\" data-element_type=\"container\" data-settings=\"{&quot;background_background&quot;:&quot;video&quot;,&quot;background_video_link&quot;:&quot;https:\\\/\\\/youtu.be\\\/dmBXG2nva70&quot;,&quot;background_play_on_mobile&quot;:&quot;yes&quot;}\">\n\t\t<div class=\"elementor-background-video-container\">\n\t\t\t\t\t\t\t<div class=\"elementor-background-video-embed\" role=\"presentation\"><\/div>\n\t\t\t\t\t\t<\/div><div class=\"elementor-element elementor-element-67ac04e e-flex e-con-boxed e-con e-child\" data-id=\"67ac04e\" data-element_type=\"container\" data-settings=\"{&quot;position&quot;:&quot;absolute&quot;}\">\n\t\t\t\t\t<div class=\"e-con-inner\">\n\t\t\t\t<div class=\"elementor-element elementor-element-a8127b6 elementor-invisible elementor-widget elementor-widget-heading\" data-id=\"a8127b6\" data-element_type=\"widget\" data-settings=\"{&quot;_animation&quot;:&quot;slideInDown&quot;}\" data-widget_type=\"heading.default\">\n\t\t\t\t\t<h1 class=\"elementor-heading-title elementor-size-default\">Segeln, Windsurfen und Wing foil am Gardasee\n<\/h1>\t\t\t\t<\/div>\n\t\t\t\t<div class=\"elementor-element elementor-element-ee89f54 anima-top elementor-invisible elementor-widget elementor-widget-text-editor\" data-id=\"ee89f54\" data-element_type=\"widget\" data-settings=\"{&quot;_animation&quot;:&quot;slideInUp&quot;,&quot;_animation_delay&quot;:200}\" data-widget_type=\"text-editor.default\">\n\t\t\t\t\t\t\t\t\t<p><span style=\"font-weight: 400;\">Wind und Geschwindigkeit auf dem Wasser<\/span><\/p>\t\t\t\t\t\t\t\t<\/div>\n\t\t\t\t\t<\/div>\n\t\t\t\t<\/div>\n\t\t\t\t<\/div>\n\t\t<div class=\"elementor-element elementor-element-8048707 e-con-full e-flex e-con e-parent\" data-id=\"8048707\" data-element_type=\"container\">\n\t\t<div class=\"elementor-element elementor-element-c250311 col-sx e-flex e-con-boxed e-con e-child\" data-id=\"c250311\" data-element_type=\"container\">\n\t\t\t\t\t<div class=\"e-con-inner\">\n\t\t<div class=\"elementor-element elementor-element-697c15c e-con-full e-flex e-con e-child\" data-id=\"697c15c\" data-element_type=\"container\">\n\t\t\t\t<div class=\"elementor-element elementor-element-a7b1ea0 elementor-widget elementor-widget-heading\" data-id=\"a7b1ea0\" data-element_type=\"widget\" data-widget_type=\"heading.default\">\n\t\t\t\t\t<h2 class=\"elementor-heading-title elementor-size-default\">Lieben Sie Wind- und Wassersport?<\/h2>\t\t\t\t<\/div>\n\t\t\t\t<div class=\"elementor-element elementor-element-d7b7735 anima-top elementor-widget elementor-widget-text-editor\" data-id=\"d7b7735\" data-element_type=\"widget\" data-widget_type=\"text-editor.default\">\n\t\t\t\t\t\t\t\t\t<p><span style=\"font-weight: 400;\">Torbole ist die italienische Hauptstadt des Windes und das Hotel Villa Claudia dein idealer Ausgangspunkt. Dank unserer Lage,<\/span><b> nur 40 Meter vom Strand entfernt<\/b><span style=\"font-weight: 400;\">, bist du vom Hotel aus im Handumdrehen am Strand.<\/span><\/p>\t\t\t\t\t\t\t\t<\/div>\n\t\t\t\t<\/div>\n\t\t<div class=\"elementor-element elementor-element-917638c e-con-full e-flex e-con e-child\" data-id=\"917638c\" data-element_type=\"container\" data-settings=\"{&quot;background_background&quot;:&quot;classic&quot;}\">\n\t\t\t\t<\/div>\n\t\t\t\t\t<\/div>\n\t\t\t\t<\/div>\n\t\t<div class=\"elementor-element elementor-element-a2b397f col-dx e-flex e-con-boxed e-con e-child\" data-id=\"a2b397f\" data-element_type=\"container\" data-settings=\"{&quot;background_background&quot;:&quot;classic&quot;}\">\n\t\t\t\t\t<div class=\"e-con-inner\">\n\t\t<div class=\"elementor-element elementor-element-3aafd3c e-con-full e-flex e-con e-child\" data-id=\"3aafd3c\" data-element_type=\"container\" data-settings=\"{&quot;background_background&quot;:&quot;classic&quot;}\">\n\t\t\t\t<\/div>\n\t\t<div class=\"elementor-element elementor-element-8c5e9c0 e-con-full anima-top e-flex e-con e-child\" data-id=\"8c5e9c0\" data-element_type=\"container\">\n\t\t\t\t<div class=\"elementor-element elementor-element-335ea89 anima-top elementor-widget elementor-widget-text-editor\" data-id=\"335ea89\" data-element_type=\"widget\" data-widget_type=\"text-editor.default\">\n\t\t\t\t\t\t\t\t\t<p>Dar\u00fcber hinaus <b>sind wir sehr <\/b>nahe den wichtigsten <b>Segelclubs<\/b>, perfekt f\u00fcr Anf\u00e4nger und Profis.<\/p><p><span style=\"font-weight: 400;\">Kein Auto, kein Stress.<\/span><\/p>\t\t\t\t\t\t\t\t<\/div>\n\t\t\t\t<\/div>\n\t\t\t\t\t<\/div>\n\t\t\t\t<\/div>\n\t\t\t\t<\/div>\n\t\t<div class=\"elementor-element elementor-element-0e67608 e-flex e-con-boxed e-con e-parent\" data-id=\"0e67608\" data-element_type=\"container\">\n\t\t\t\t\t<div class=\"e-con-inner\">\n\t\t\t\t<div class=\"elementor-element elementor-element-8a3db69 anima-bottom elementor-widget elementor-widget-heading\" data-id=\"8a3db69\" data-element_type=\"widget\" data-widget_type=\"heading.default\">\n\t\t\t\t\t<h2 class=\"elementor-heading-title elementor-size-default\">Services f\u00fcr Wassersportler<\/h2>\t\t\t\t<\/div>\n\t\t\t\t\t<\/div>\n\t\t\t\t<\/div>\n\t\t<div class=\"elementor-element elementor-element-775c60b e-grid e-con-boxed e-con e-parent\" data-id=\"775c60b\" data-element_type=\"container\">\n\t\t\t\t\t<div class=\"e-con-inner\">\n\t\t<div class=\"elementor-element elementor-element-95f8202 box e-con-full e-flex e-con e-child\" data-id=\"95f8202\" data-element_type=\"container\" data-settings=\"{&quot;background_background&quot;:&quot;classic&quot;}\">\n\t\t<div class=\"elementor-element elementor-element-c302194 e-con-full text-box e-flex e-con e-child\" data-id=\"c302194\" data-element_type=\"container\">\n\t\t\t\t<div class=\"elementor-element elementor-element-77d7f56 elementor-view-default elementor-position-block-start elementor-mobile-position-block-start elementor-widget elementor-widget-icon-box\" data-id=\"77d7f56\" data-element_type=\"widget\" data-widget_type=\"icon-box.default\">\n\t\t\t\t\t\t\t<div class=\"elementor-icon-box-wrapper\">\n\n\t\t\t\t\t\t<div class=\"elementor-icon-box-icon\">\n\t\t\t\t<span  class=\"elementor-icon\">\n\t\t\t\t<svg xmlns=\"http:\/\/www.w3.org\/2000\/svg\" width=\"119\" height=\"119\" viewBox=\"0 0 119 119\" fill=\"none\"><circle cx=\"59.5\" cy=\"59.5\" r=\"59.5\" fill=\"#E8B33D\"><\/circle><path d=\"M44.0051 82.375L41.1301 85.25\" stroke=\"white\" stroke-width=\"3\" stroke-linecap=\"round\" stroke-linejoin=\"round\"><\/path><path d=\"M84.2551 76.625H26.7551C41.1301 81.5527 58.3083 85.25 69.8801 85.25C78.5051 85.25 84.2551 78.7381 84.2551 76.625Z\" stroke=\"white\" stroke-width=\"3\" stroke-linejoin=\"round\"><\/path><path d=\"M67.0339 27.75C73.2669 42.125 67.8561 68.989 64.1301 76.625\" stroke=\"white\" stroke-width=\"3\" stroke-linecap=\"round\" stroke-linejoin=\"round\"><\/path><path d=\"M67.5888 33.2673C66.4388 32.1834 64.1618 30.6568 63.9433 30.6309C61.4708 30.3233 61.1488 31.8269 58.2795 36.0532C54.6398 40.8257 46.331 50.8997 43.4215 53.3693C45.0689 58.4868 47.7656 66.6087 64.3975 70.6912M43.4215 53.3664C47.1015 58.3373 61.0654 59.4614 67.5888 59.4039\" stroke=\"white\" stroke-width=\"3\" stroke-linecap=\"round\" stroke-linejoin=\"round\"><\/path><\/svg>\t\t\t\t<\/span>\n\t\t\t<\/div>\n\t\t\t\n\t\t\t\t\t\t<div class=\"elementor-icon-box-content\">\n\n\t\t\t\t\t\t\t\t\t<h3 class=\"elementor-icon-box-title\">\n\t\t\t\t\t\t<span  >\n\t\t\t\t\t\t\tSafe Deposit\t\t\t\t\t\t<\/span>\n\t\t\t\t\t<\/h3>\n\t\t\t\t\n\t\t\t\t\t\t\t\t\t<p class=\"elementor-icon-box-description\">\n\t\t\t\t\t\tGro\u00dfer geschlossener und video\u00fcberwachter Raum f\u00fcr die Ausr\u00fcstung\n\t\t\t\t\t<\/p>\n\t\t\t\t\n\t\t\t<\/div>\n\t\t\t\n\t\t<\/div>\n\t\t\t\t\t\t<\/div>\n\t\t\t\t<\/div>\n\t\t\t\t<\/div>\n\t\t<div class=\"elementor-element elementor-element-2094f88 box e-con-full e-flex e-con e-child\" data-id=\"2094f88\" data-element_type=\"container\" data-settings=\"{&quot;background_background&quot;:&quot;classic&quot;}\">\n\t\t<div class=\"elementor-element elementor-element-07d0318 e-con-full text-box e-flex e-con e-child\" data-id=\"07d0318\" data-element_type=\"container\">\n\t\t\t\t<div class=\"elementor-element elementor-element-5f9482e elementor-view-default elementor-position-block-start elementor-mobile-position-block-start elementor-widget elementor-widget-icon-box\" data-id=\"5f9482e\" data-element_type=\"widget\" data-widget_type=\"icon-box.default\">\n\t\t\t\t\t\t\t<div class=\"elementor-icon-box-wrapper\">\n\n\t\t\t\t\t\t<div class=\"elementor-icon-box-icon\">\n\t\t\t\t<span  class=\"elementor-icon\">\n\t\t\t\t<svg xmlns=\"http:\/\/www.w3.org\/2000\/svg\" width=\"119\" height=\"119\" viewBox=\"0 0 119 119\" fill=\"none\"><circle cx=\"59.5\" cy=\"59.5\" r=\"59.5\" fill=\"#E8B33D\"><\/circle><path d=\"M83.4426 54.1562H81.0379L74.8525 40.2402C74.5726 39.6106 74.1161 39.0757 73.5384 38.7003C72.9606 38.3248 72.2863 38.125 71.5973 38.125H45.4129C44.7239 38.125 44.0497 38.3248 43.4719 38.7003C42.8941 39.0757 42.4376 39.6106 42.1577 40.2402L35.9723 54.1562H33.5676C33.0952 54.1562 32.6421 54.3439 32.3081 54.678C31.974 55.012 31.7864 55.4651 31.7864 55.9375C31.7864 56.4099 31.974 56.863 32.3081 57.197C32.6421 57.5311 33.0952 57.7188 33.5676 57.7188H35.3489V75.5312C35.3489 76.4761 35.7242 77.3822 36.3923 78.0503C37.0604 78.7184 37.9665 79.0938 38.9114 79.0938H44.2551C45.2 79.0938 46.1061 78.7184 46.7742 78.0503C47.4423 77.3822 47.8176 76.4761 47.8176 75.5312V71.9688H69.1926V75.5312C69.1926 76.4761 69.568 77.3822 70.2361 78.0503C70.9042 78.7184 71.8103 79.0938 72.7551 79.0938H78.0989C79.0437 79.0938 79.9498 78.7184 80.6179 78.0503C81.286 77.3822 81.6614 76.4761 81.6614 75.5312V57.7188H83.4426C83.915 57.7188 84.3681 57.5311 84.7022 57.197C85.0362 56.863 85.2239 56.4099 85.2239 55.9375C85.2239 55.4651 85.0362 55.012 84.7022 54.678C84.3681 54.3439 83.915 54.1562 83.4426 54.1562ZM45.4129 41.6875H71.5973L77.1392 54.1562H39.871L45.4129 41.6875ZM44.2551 75.5312H38.9114V71.9688H44.2551V75.5312ZM72.7551 75.5312V71.9688H78.0989V75.5312H72.7551ZM78.0989 68.4062H38.9114V57.7188H78.0989V68.4062ZM42.4739 63.0625C42.4739 62.5901 42.6615 62.137 42.9956 61.803C43.3296 61.4689 43.7827 61.2812 44.2551 61.2812H47.8176C48.29 61.2812 48.7431 61.4689 49.0772 61.803C49.4112 62.137 49.5989 62.5901 49.5989 63.0625C49.5989 63.5349 49.4112 63.988 49.0772 64.322C48.7431 64.6561 48.29 64.8438 47.8176 64.8438H44.2551C43.7827 64.8438 43.3296 64.6561 42.9956 64.322C42.6615 63.988 42.4739 63.5349 42.4739 63.0625ZM67.4114 63.0625C67.4114 62.5901 67.599 62.137 67.9331 61.803C68.2671 61.4689 68.7202 61.2812 69.1926 61.2812H72.7551C73.2275 61.2812 73.6806 61.4689 74.0147 61.803C74.3487 62.137 74.5364 62.5901 74.5364 63.0625C74.5364 63.5349 74.3487 63.988 74.0147 64.322C73.6806 64.6561 73.2275 64.8438 72.7551 64.8438H69.1926C68.7202 64.8438 68.2671 64.6561 67.9331 64.322C67.599 63.988 67.4114 63.5349 67.4114 63.0625Z\" fill=\"white\"><\/path><\/svg>\t\t\t\t<\/span>\n\t\t\t<\/div>\n\t\t\t\n\t\t\t\t\t\t<div class=\"elementor-icon-box-content\">\n\n\t\t\t\t\t\t\t\t\t<h3 class=\"elementor-icon-box-title\">\n\t\t\t\t\t\t<span  >\n\t\t\t\t\t\t\tPrivatparkplatz\t\t\t\t\t\t<\/span>\n\t\t\t\t\t<\/h3>\n\t\t\t\t\n\t\t\t\t\t\t\t\t\t<p class=\"elementor-icon-box-description\">\n\t\t\t\t\t\tLassen Sie Ihr Auto bei uns und genie\u00dfen Sie Ihren Urlaub zu Fu\u00df\n\t\t\t\t\t<\/p>\n\t\t\t\t\n\t\t\t<\/div>\n\t\t\t\n\t\t<\/div>\n\t\t\t\t\t\t<\/div>\n\t\t\t\t<\/div>\n\t\t\t\t<\/div>\n\t\t<div class=\"elementor-element elementor-element-12c1cd4 box e-con-full e-flex e-con e-child\" data-id=\"12c1cd4\" data-element_type=\"container\" data-settings=\"{&quot;background_background&quot;:&quot;classic&quot;}\">\n\t\t<div class=\"elementor-element elementor-element-06c1707 e-con-full text-box e-flex e-con e-child\" data-id=\"06c1707\" data-element_type=\"container\">\n\t\t\t\t<div class=\"elementor-element elementor-element-46a43b5 elementor-view-default elementor-position-block-start elementor-mobile-position-block-start elementor-widget elementor-widget-icon-box\" data-id=\"46a43b5\" data-element_type=\"widget\" data-widget_type=\"icon-box.default\">\n\t\t\t\t\t\t\t<div class=\"elementor-icon-box-wrapper\">\n\n\t\t\t\t\t\t<div class=\"elementor-icon-box-icon\">\n\t\t\t\t<span  class=\"elementor-icon\">\n\t\t\t\t<svg xmlns=\"http:\/\/www.w3.org\/2000\/svg\" width=\"119\" height=\"119\" viewBox=\"0 0 119 119\" fill=\"none\"><circle cx=\"59.5\" cy=\"59.5\" r=\"59.5\" fill=\"#E8B33D\"><\/circle><path d=\"M66.75 39.75C67.3467 39.75 67.919 39.9871 68.341 40.409C68.7629 40.831 69 41.4033 69 42V46.5H78C78.5967 46.5 79.169 46.7371 79.591 47.159C80.0129 47.581 80.25 48.1533 80.25 48.75V75.75H84.75V80.25H35.25V75.75H39.75V48.75C39.75 48.1533 39.9871 47.581 40.409 47.159C40.831 46.7371 41.4033 46.5 42 46.5H51V42C51 41.4033 51.2371 40.831 51.659 40.409C52.081 39.9871 52.6533 39.75 53.25 39.75H66.75ZM51 51H44.25V75.75H51V51ZM64.5 51H55.5V75.75H64.5V51ZM75.75 51H69V75.75H75.75V51ZM64.5 44.25H55.5V46.5H64.5V44.25Z\" fill=\"white\"><\/path><\/svg>\t\t\t\t<\/span>\n\t\t\t<\/div>\n\t\t\t\n\t\t\t\t\t\t<div class=\"elementor-icon-box-content\">\n\n\t\t\t\t\t\t\t\t\t<h3 class=\"elementor-icon-box-title\">\n\t\t\t\t\t\t<span  >\n\t\t\t\t\t\t\tKomfort am Abreisetag\t\t\t\t\t\t<\/span>\n\t\t\t\t\t<\/h3>\n\t\t\t\t\n\t\t\t\t\t\t\t\t\t<p class=\"elementor-icon-box-description\">\n\t\t\t\t\t\tGep\u00e4ckaufbewahrung und warme Dusche am Abreisetag (auf Anfrage) m\u00f6glich, um den Wind bis zur letzten Minute zu nutzen.\t\t\t\t\t<\/p>\n\t\t\t\t\n\t\t\t<\/div>\n\t\t\t\n\t\t<\/div>\n\t\t\t\t\t\t<\/div>\n\t\t\t\t<\/div>\n\t\t\t\t<\/div>\n\t\t\t\t\t<\/div>\n\t\t\t\t<\/div>\n\t\t\t\t<\/div>\n\t\t","protected":false},"excerpt":{"rendered":"<p>Segeln, Windsurfen und Wing foil am Gardasee Wind und Geschwindigkeit auf dem Wasser Lieben Sie Wind- und Wassersport? Torbole ist die italienische Hauptstadt des Windes und das Hotel Villa Claudia dein idealer Ausgangspunkt. Dank unserer Lage, nur 40 Meter vom Strand entfernt, bist du vom Hotel aus im Handumdrehen am Strand. Dar\u00fcber hinaus sind wir [&hellip;]<\/p>\n","protected":false},"author":1,"featured_media":2183,"parent":0,"menu_order":0,"comment_status":"closed","ping_status":"closed","template":"","meta":{"footnotes":""},"class_list":["post-2308","page","type-page","status-publish","has-post-thumbnail","hentry"],"_links":{"self":[{"href":"https:\/\/www.villaclaudiatorbole.com\/de\/wp-json\/wp\/v2\/pages\/2308","targetHints":{"allow":["GET"]}}],"collection":[{"href":"https:\/\/www.villaclaudiatorbole.com\/de\/wp-json\/wp\/v2\/pages"}],"about":[{"href":"https:\/\/www.villaclaudiatorbole.com\/de\/wp-json\/wp\/v2\/types\/page"}],"author":[{"embeddable":true,"href":"https:\/\/www.villaclaudiatorbole.com\/de\/wp-json\/wp\/v2\/users\/1"}],"replies":[{"embeddable":true,"href":"https:\/\/www.villaclaudiatorbole.com\/de\/wp-json\/wp\/v2\/comments?post=2308"}],"version-history":[{"count":6,"href":"https:\/\/www.villaclaudiatorbole.com\/de\/wp-json\/wp\/v2\/pages\/2308\/revisions"}],"predecessor-version":[{"id":3517,"href":"https:\/\/www.villaclaudiatorbole.com\/de\/wp-json\/wp\/v2\/pages\/2308\/revisions\/3517"}],"wp:featuredmedia":[{"embeddable":true,"href":"https:\/\/www.villaclaudiatorbole.com\/de\/wp-json\/wp\/v2\/media\/2183"}],"wp:attachment":[{"href":"https:\/\/www.villaclaudiatorbole.com\/de\/wp-json\/wp\/v2\/media?parent=2308"}],"curies":[{"name":"wp","href":"https:\/\/api.w.org\/{rel}","templated":true}]}}