{"id":2362,"date":"2026-02-11T17:44:52","date_gmt":"2026-02-11T16:44:52","guid":{"rendered":"https:\/\/midnightblue-barracuda-188246.hostingersite.com\/besondere-angebote\/"},"modified":"2026-04-23T09:33:35","modified_gmt":"2026-04-23T07:33:35","slug":"besondere-angebote","status":"publish","type":"page","link":"https:\/\/www.villaclaudiatorbole.com\/de\/besondere-angebote\/","title":{"rendered":"Besondere Angebote"},"content":{"rendered":"\t\t<div data-elementor-type=\"wp-page\" data-elementor-id=\"2362\" class=\"elementor elementor-2362 elementor-1834\" data-elementor-post-type=\"page\">\n\t\t\t\t<div class=\"elementor-element elementor-element-8379fde e-flex e-con-boxed e-con e-parent\" data-id=\"8379fde\" data-element_type=\"container\" data-settings=\"{&quot;background_background&quot;:&quot;classic&quot;}\">\n\t\t\t\t\t<div class=\"e-con-inner\">\n\t\t\t\t<div class=\"elementor-element elementor-element-b1909bc elementor-hidden-widescreen elementor-hidden-desktop elementor-hidden-laptop elementor-hidden-tablet_extra elementor-hidden-tablet elementor-hidden-mobile_extra elementor-widget elementor-widget-spacer\" data-id=\"b1909bc\" data-element_type=\"widget\" data-widget_type=\"spacer.default\">\n\t\t\t\t\t\t\t<div class=\"elementor-spacer\">\n\t\t\t<div class=\"elementor-spacer-inner\"><\/div>\n\t\t<\/div>\n\t\t\t\t\t\t<\/div>\n\t\t\t\t<div class=\"elementor-element elementor-element-ff8b336 elementor-hidden-mobile elementor-widget elementor-widget-spacer\" data-id=\"ff8b336\" data-element_type=\"widget\" data-widget_type=\"spacer.default\">\n\t\t\t\t\t\t\t<div class=\"elementor-spacer\">\n\t\t\t<div class=\"elementor-spacer-inner\"><\/div>\n\t\t<\/div>\n\t\t\t\t\t\t<\/div>\n\t\t\t\t\t<\/div>\n\t\t\t\t<\/div>\n\t\t<div class=\"elementor-element elementor-element-3a2a3cf e-flex e-con-boxed e-con e-parent\" data-id=\"3a2a3cf\" data-element_type=\"container\">\n\t\t\t\t\t<div class=\"e-con-inner\">\n\t\t\t\t<div class=\"elementor-element elementor-element-609a6f5 elementor-widget elementor-widget-heading\" data-id=\"609a6f5\" data-element_type=\"widget\" data-widget_type=\"heading.default\">\n\t\t\t\t\t<h1 class=\"elementor-heading-title elementor-size-default\">Angebote und Promotionen<\/h1>\t\t\t\t<\/div>\n\t\t\t\t<div class=\"elementor-element elementor-element-5b25754 elementor-widget elementor-widget-text-editor\" data-id=\"5b25754\" data-element_type=\"widget\" data-widget_type=\"text-editor.default\">\n\t\t\t\t\t\t\t\t\t<p><span style=\"font-weight: 400;\">Mit der Wiederer\u00f6ffnung 2026, unter neuer Leitung, haben wir uns einige besondere Angebote f\u00fcr Ihren Aufenthalt ausgedacht. Nutzen Sie sie, der Gardasee wartet auf Sie!   <\/span><\/p>\t\t\t\t\t\t\t\t<\/div>\n\t\t\t\t\t<\/div>\n\t\t\t\t<\/div>\n\t\t<div class=\"elementor-element elementor-element-ba98962 e-con-full e-flex e-con e-parent\" data-id=\"ba98962\" data-element_type=\"container\">\n\t\t\t\t<div class=\"elementor-element elementor-element-017c83d elementor-widget elementor-widget-jet-listing-grid\" data-id=\"017c83d\" data-element_type=\"widget\" data-settings=\"{&quot;columns&quot;:&quot;1&quot;}\" data-widget_type=\"jet-listing-grid.default\">\n\t\t\t\t\t<div class=\"jet-listing-grid jet-listing\"><div class=\"jet-listing-grid__items grid-col-desk-1 grid-col-tablet-1 grid-col-mobile-1 jet-listing-grid--1831\" data-queried-id=\"2362|WP_Post\" data-nav=\"{&quot;enabled&quot;:false,&quot;type&quot;:null,&quot;more_el&quot;:null,&quot;query&quot;:[],&quot;widget_settings&quot;:{&quot;lisitng_id&quot;:1831,&quot;posts_num&quot;:6,&quot;columns&quot;:1,&quot;columns_tablet&quot;:1,&quot;columns_mobile&quot;:1,&quot;column_min_width&quot;:240,&quot;column_min_width_tablet&quot;:240,&quot;column_min_width_mobile&quot;:240,&quot;inline_columns_css&quot;:false,&quot;is_archive_template&quot;:&quot;&quot;,&quot;post_status&quot;:[&quot;publish&quot;],&quot;use_random_posts_num&quot;:&quot;&quot;,&quot;max_posts_num&quot;:9,&quot;not_found_message&quot;:&quot;Es wurden keine Daten gefunden&quot;,&quot;is_masonry&quot;:false,&quot;equal_columns_height&quot;:&quot;&quot;,&quot;use_load_more&quot;:&quot;&quot;,&quot;load_more_id&quot;:&quot;&quot;,&quot;load_more_type&quot;:&quot;click&quot;,&quot;load_more_offset&quot;:null,&quot;use_custom_post_types&quot;:&quot;&quot;,&quot;custom_post_types&quot;:[],&quot;hide_widget_if&quot;:&quot;&quot;,&quot;carousel_enabled&quot;:&quot;&quot;,&quot;slides_to_scroll&quot;:&quot;1&quot;,&quot;arrows&quot;:&quot;true&quot;,&quot;arrow_icon&quot;:&quot;fa fa-angle-left&quot;,&quot;dots&quot;:&quot;&quot;,&quot;autoplay&quot;:&quot;true&quot;,&quot;pause_on_hover&quot;:&quot;true&quot;,&quot;autoplay_speed&quot;:5000,&quot;infinite&quot;:&quot;true&quot;,&quot;center_mode&quot;:&quot;&quot;,&quot;effect&quot;:&quot;slide&quot;,&quot;speed&quot;:500,&quot;inject_alternative_items&quot;:&quot;yes&quot;,&quot;injection_items&quot;:[{&quot;_id&quot;:&quot;23ebb1c&quot;,&quot;item&quot;:&quot;3157&quot;,&quot;item_condition_type&quot;:&quot;on_item&quot;,&quot;item_num&quot;:2,&quot;start_from_first&quot;:&quot;&quot;,&quot;meta_key&quot;:null,&quot;meta_key_compare&quot;:null,&quot;meta_key_val&quot;:null,&quot;tax&quot;:null,&quot;terms&quot;:null,&quot;post_type&quot;:null,&quot;inject_once&quot;:&quot;&quot;,&quot;item_colspan&quot;:1,&quot;static_item&quot;:&quot;&quot;,&quot;static_item_context&quot;:null}],&quot;scroll_slider_enabled&quot;:&quot;&quot;,&quot;scroll_slider_on&quot;:[&quot;desktop&quot;,&quot;tablet&quot;,&quot;mobile&quot;],&quot;custom_query&quot;:false,&quot;custom_query_id&quot;:&quot;&quot;,&quot;_element_id&quot;:&quot;&quot;,&quot;collapse_first_last_gap&quot;:false,&quot;list_tag_selection&quot;:&quot;&quot;,&quot;list_items_wrapper_tag&quot;:&quot;div&quot;,&quot;list_item_tag&quot;:&quot;div&quot;,&quot;empty_items_wrapper_tag&quot;:&quot;div&quot;}}\" data-page=\"1\" data-pages=\"1\" data-listing-source=\"posts\" data-listing-id=\"1831\" data-query-id=\"\"><div class=\"jet-listing-grid__item jet-listing-dynamic-post-2515\" data-post-id=\"2515\"  ><style type=\"text\/css\">.jet-listing-dynamic-post-2515 .elementor-element.elementor-element-cedd278:not(.elementor-motion-effects-element-type-background), .jet-listing-dynamic-post-2515 .elementor-element.elementor-element-cedd278 > .elementor-motion-effects-container > .elementor-motion-effects-layer{background-image:url(\"https:\/\/www.villaclaudiatorbole.com\/wp-content\/uploads\/2026\/02\/offerta-4-3-1.webp\");}<\/style>\t\t<div data-elementor-type=\"jet-listing-items\" data-elementor-id=\"1937\" class=\"elementor elementor-1937 elementor-1831 elementor-1831\" data-elementor-post-type=\"jet-engine\">\n\t\t\t\t<div class=\"elementor-element elementor-element-61e14e1 e-con-full e-flex e-con e-child\" data-id=\"61e14e1\" data-element_type=\"container\">\n\t\t<div class=\"elementor-element elementor-element-ee7723c col-dx e-con-full e-flex e-con e-child\" data-id=\"ee7723c\" data-element_type=\"container\" data-settings=\"{&quot;background_background&quot;:&quot;classic&quot;}\">\n\t\t<div class=\"elementor-element elementor-element-cedd278 e-con-full e-flex e-con e-child\" data-id=\"cedd278\" data-element_type=\"container\" data-settings=\"{&quot;background_background&quot;:&quot;classic&quot;}\">\n\t\t\t\t<\/div>\n\t\t\t\t<\/div>\n\t\t<div class=\"elementor-element elementor-element-04a8ae2 col-sx e-flex e-con-boxed e-con e-child\" data-id=\"04a8ae2\" data-element_type=\"container\">\n\t\t\t\t\t<div class=\"e-con-inner\">\n\t\t<div class=\"elementor-element elementor-element-d14112a e-con-full e-flex e-con e-child\" data-id=\"d14112a\" data-element_type=\"container\">\n\t\t\t\t<div class=\"elementor-element elementor-element-28f94b4 elementor-widget elementor-widget-heading\" data-id=\"28f94b4\" data-element_type=\"widget\" data-widget_type=\"heading.default\">\n\t\t\t\t\t<h2 class=\"elementor-heading-title elementor-size-default\">4=3 \u2013 Eine Nacht gratis<\/h2>\t\t\t\t<\/div>\n\t\t\t\t<div class=\"elementor-element elementor-element-98aae48 anima-top elementor-widget elementor-widget-text-editor\" data-id=\"98aae48\" data-element_type=\"widget\" data-widget_type=\"text-editor.default\">\n\t\t\t\t\t\t\t\t\t<b>4 N\u00e4chte buchen, nur 3 bezahlen <\/b><br>Angebot g\u00fcltig vom 06.04.26 bis 10.05.26 und vom 11.10.26 bis 07.11.2026\t\t\t\t\t\t\t\t<\/div>\n\t\t\t\t<div class=\"elementor-element elementor-element-b789521 elementor-align-left elementor-widget elementor-widget-button\" data-id=\"b789521\" data-element_type=\"widget\" data-settings=\"{&quot;_animation&quot;:&quot;none&quot;,&quot;_animation_delay&quot;:500}\" data-widget_type=\"button.default\">\n\t\t\t\t\t\t\t\t\t\t<a class=\"elementor-button elementor-button-link elementor-size-sm\" href=\"https:\/\/www.villaclaudiatorbole.com\/de\/offerte\/4-naechte-zum-preis-von-3\/\">\n\t\t\t\t\t\t<span class=\"elementor-button-content-wrapper\">\n\t\t\t\t\t\t\t\t\t<span class=\"elementor-button-text\">Entdecken Sie das Angebot<\/span>\n\t\t\t\t\t<\/span>\n\t\t\t\t\t<\/a>\n\t\t\t\t\t\t\t\t<\/div>\n\t\t\t\t<\/div>\n\t\t\t\t\t<\/div>\n\t\t\t\t<\/div>\n\t\t\t\t<\/div>\n\t\t\t\t<\/div>\n\t\t<\/div><div class=\"jet-listing-grid__item jet-listing-dynamic-post-2519 jet-listing-grid--3157\" data-post-id=\"2519\"  ><style type=\"text\/css\">.jet-listing-dynamic-post-2519 .elementor-element.elementor-element-fd28a77:not(.elementor-motion-effects-element-type-background), .jet-listing-dynamic-post-2519 .elementor-element.elementor-element-fd28a77 > .elementor-motion-effects-container > .elementor-motion-effects-layer{background-image:url(\"https:\/\/www.villaclaudiatorbole.com\/wp-content\/uploads\/2026\/02\/long-stay-primavera.jpg\");}<\/style>\t\t<div data-elementor-type=\"jet-listing-items\" data-elementor-id=\"3223\" class=\"elementor elementor-3223 elementor-3157 elementor-3157\" data-elementor-post-type=\"jet-engine\">\n\t\t\t\t<div class=\"elementor-element elementor-element-222eb54 e-flex e-con-boxed e-con e-child\" data-id=\"222eb54\" data-element_type=\"container\">\n\t\t\t\t\t<div class=\"e-con-inner\">\n\t\t<div class=\"elementor-element elementor-element-e39f7a3 col-dx e-con-full e-flex e-con e-child\" data-id=\"e39f7a3\" data-element_type=\"container\" data-settings=\"{&quot;background_background&quot;:&quot;classic&quot;}\">\n\t\t<div class=\"elementor-element elementor-element-b2564d0 e-con-full e-flex e-con e-child\" data-id=\"b2564d0\" data-element_type=\"container\">\n\t\t\t\t<div class=\"elementor-element elementor-element-caf1f0c elementor-widget elementor-widget-heading\" data-id=\"caf1f0c\" data-element_type=\"widget\" data-widget_type=\"heading.default\">\n\t\t\t\t\t<h2 class=\"elementor-heading-title elementor-size-default\">Long-Stay-Angebot \u2013 10 %<\/h2>\t\t\t\t<\/div>\n\t\t\t\t<div class=\"elementor-element elementor-element-1439ee7 anima-top elementor-widget elementor-widget-text-editor\" data-id=\"1439ee7\" data-element_type=\"widget\" data-widget_type=\"text-editor.default\">\n\t\t\t\t\t\t\t\t\tFr\u00fchling am Gardasee<br>Bei Aufenthalten ab 6 N\u00e4chten erhalten Sie 10 % Rabatt.<br>Je l\u00e4nger Sie bleiben, desto mehr sparen Sie\u2026\t\t\t\t\t\t\t\t<\/div>\n\t\t\t\t<div class=\"elementor-element elementor-element-5eb3c1d elementor-align-left elementor-widget elementor-widget-button\" data-id=\"5eb3c1d\" data-element_type=\"widget\" data-settings=\"{&quot;_animation&quot;:&quot;none&quot;,&quot;_animation_delay&quot;:500}\" data-widget_type=\"button.default\">\n\t\t\t\t\t\t\t\t\t\t<a class=\"elementor-button elementor-button-link elementor-size-sm\" href=\"https:\/\/www.villaclaudiatorbole.com\/de\/offerte\/langer-aufenthalt-10\/\">\n\t\t\t\t\t\t<span class=\"elementor-button-content-wrapper\">\n\t\t\t\t\t\t\t\t\t<span class=\"elementor-button-text\">Entdecken Sie das Angebot<\/span>\n\t\t\t\t\t<\/span>\n\t\t\t\t\t<\/a>\n\t\t\t\t\t\t\t\t<\/div>\n\t\t\t\t<\/div>\n\t\t\t\t<\/div>\n\t\t<div class=\"elementor-element elementor-element-472097a col-sx e-flex e-con-boxed e-con e-child\" data-id=\"472097a\" data-element_type=\"container\">\n\t\t\t\t\t<div class=\"e-con-inner\">\n\t\t<div class=\"elementor-element elementor-element-fd28a77 e-con-full e-flex e-con e-child\" data-id=\"fd28a77\" data-element_type=\"container\" data-settings=\"{&quot;background_background&quot;:&quot;classic&quot;}\">\n\t\t\t\t<\/div>\n\t\t\t\t\t<\/div>\n\t\t\t\t<\/div>\n\t\t\t\t\t<\/div>\n\t\t\t\t<\/div>\n\t\t\t\t<\/div>\n\t\t<\/div><div class=\"jet-listing-grid__item jet-listing-dynamic-post-3156\" data-post-id=\"3156\"  ><style type=\"text\/css\">.jet-listing-dynamic-post-3156 .elementor-element.elementor-element-cedd278:not(.elementor-motion-effects-element-type-background), .jet-listing-dynamic-post-3156 .elementor-element.elementor-element-cedd278 > .elementor-motion-effects-container > .elementor-motion-effects-layer{background-image:url(\"https:\/\/www.villaclaudiatorbole.com\/wp-content\/uploads\/2026\/02\/long-stay-autunno.jpg\");}<\/style>\t\t<div data-elementor-type=\"jet-listing-items\" data-elementor-id=\"1937\" class=\"elementor elementor-1937 elementor-1831 elementor-1831\" data-elementor-post-type=\"jet-engine\">\n\t\t\t\t<div class=\"elementor-element elementor-element-61e14e1 e-con-full e-flex e-con e-child\" data-id=\"61e14e1\" data-element_type=\"container\">\n\t\t<div class=\"elementor-element elementor-element-ee7723c col-dx e-con-full e-flex e-con e-child\" data-id=\"ee7723c\" data-element_type=\"container\" data-settings=\"{&quot;background_background&quot;:&quot;classic&quot;}\">\n\t\t<div class=\"elementor-element elementor-element-cedd278 e-con-full e-flex e-con e-child\" data-id=\"cedd278\" data-element_type=\"container\" data-settings=\"{&quot;background_background&quot;:&quot;classic&quot;}\">\n\t\t\t\t<\/div>\n\t\t\t\t<\/div>\n\t\t<div class=\"elementor-element elementor-element-04a8ae2 col-sx e-flex e-con-boxed e-con e-child\" data-id=\"04a8ae2\" data-element_type=\"container\">\n\t\t\t\t\t<div class=\"e-con-inner\">\n\t\t<div class=\"elementor-element elementor-element-d14112a e-con-full e-flex e-con e-child\" data-id=\"d14112a\" data-element_type=\"container\">\n\t\t\t\t<div class=\"elementor-element elementor-element-28f94b4 elementor-widget elementor-widget-heading\" data-id=\"28f94b4\" data-element_type=\"widget\" data-widget_type=\"heading.default\">\n\t\t\t\t\t<h2 class=\"elementor-heading-title elementor-size-default\">Long-Stay-Angebot \u2013 10 %<\/h2>\t\t\t\t<\/div>\n\t\t\t\t<div class=\"elementor-element elementor-element-98aae48 anima-top elementor-widget elementor-widget-text-editor\" data-id=\"98aae48\" data-element_type=\"widget\" data-widget_type=\"text-editor.default\">\n\t\t\t\t\t\t\t\t\tHerbst am Gardasee.<br>Bei Aufenthalten ab 6 N\u00e4chten erhalten Sie 10 % Rabatt.<br>\t\t\t\t\t\t\t\t<\/div>\n\t\t\t\t<div class=\"elementor-element elementor-element-b789521 elementor-align-left elementor-widget elementor-widget-button\" data-id=\"b789521\" data-element_type=\"widget\" data-settings=\"{&quot;_animation&quot;:&quot;none&quot;,&quot;_animation_delay&quot;:500}\" data-widget_type=\"button.default\">\n\t\t\t\t\t\t\t\t\t\t<a class=\"elementor-button elementor-button-link elementor-size-sm\" href=\"https:\/\/www.villaclaudiatorbole.com\/de\/offerte\/long-stay-angebot-10\/\">\n\t\t\t\t\t\t<span class=\"elementor-button-content-wrapper\">\n\t\t\t\t\t\t\t\t\t<span class=\"elementor-button-text\">Entdecken Sie das Angebot<\/span>\n\t\t\t\t\t<\/span>\n\t\t\t\t\t<\/a>\n\t\t\t\t\t\t\t\t<\/div>\n\t\t\t\t<\/div>\n\t\t\t\t\t<\/div>\n\t\t\t\t<\/div>\n\t\t\t\t<\/div>\n\t\t\t\t<\/div>\n\t\t<\/div><\/div><\/div>\t\t\t\t<\/div>\n\t\t\t\t<div class=\"elementor-element elementor-element-c52713b elementor-hidden-mobile elementor-widget elementor-widget-spacer\" data-id=\"c52713b\" data-element_type=\"widget\" data-widget_type=\"spacer.default\">\n\t\t\t\t\t\t\t<div class=\"elementor-spacer\">\n\t\t\t<div class=\"elementor-spacer-inner\"><\/div>\n\t\t<\/div>\n\t\t\t\t\t\t<\/div>\n\t\t\t\t<\/div>\n\t\t<div class=\"elementor-element elementor-element-5f8dde6 elementor-hidden-widescreen elementor-hidden-desktop elementor-hidden-laptop elementor-hidden-tablet_extra elementor-hidden-tablet elementor-hidden-mobile_extra elementor-hidden-mobile e-flex e-con-boxed e-con e-parent\" data-id=\"5f8dde6\" data-element_type=\"container\">\n\t\t\t\t\t<div class=\"e-con-inner\">\n\t\t\t\t<div class=\"elementor-element elementor-element-0710af9 elementor-widget elementor-widget-shortcode\" data-id=\"0710af9\" data-element_type=\"widget\" data-widget_type=\"shortcode.default\">\n\t\t\t\t\t\t\t<div class=\"elementor-shortcode\"><div class=\"sb-offers-wrapper\"><div class=\"sb-offers-grid\"><div class=\"sb-offer-card\"><img decoding=\"async\" src=\"https:\/\/cdn.sbcdn.it\/fu\/offerte\/3701642_IMG_OGR.jpg\" alt=\"\"><div class=\"sb-card-content\"><h3>Long-Stay-Angebot -11%<\/h3><p>Je l\u00e4nger Sie bleiben, desto mehr sparen Sie\u2026 \ud835\udc05\ud835\udc2b\ud835\udc2e\u0308\ud835\udc21\ud835\udc25\ud835\udc22\ud835\udc27\ud835\udc20 \ud835\udc1a\ud835\udc26 \ud835\udc06\ud835\udc1a\ud835\udc2b\ud835\udc1d\ud835\udc1a\ud835\udc2c\ud835\udc1e\ud835\udc1e Angebot g\u00fcltig vom 6. April 2026 bis&hellip;<\/p><a href=\"\/de\/wp-json\/wp\/v2\/pages\/2362?off_id=228338\" class=\"sb-button\">Details anzeigen<\/a><\/div><\/div><div class=\"sb-offer-card\"><img decoding=\"async\" src=\"https:\/\/cdn.sbcdn.it\/fu\/offerte\/3697281_IMG_OGR.jpg\" alt=\"\"><div class=\"sb-card-content\"><h3>4 = 3 \u2013 Eine Nacht gratis<\/h3><p>\ud835\udfd2 \ud835\udc0d\ud835\udc1a\u0308\ud835\udc1c\ud835\udc21\ud835\udc2d\ud835\udc1e \ud835\udc1b\ud835\udc2e\ud835\udc1c\ud835\udc21\ud835\udc1e\ud835\udc27, \ud835\udfd1 \ud835\udc0d\ud835\udc1a\u0308\ud835\udc1c\ud835\udc21\ud835\udc2d\ud835\udc1e \ud835\udc1b\ud835\udc1e\ud835\udc33\ud835\udc1a\ud835\udc21\ud835\udc25\ud835\udc1e\ud835\udc27 Anreise Sonntag, Abreise Donnerstag. Angebot g\u00fcltig f\u00fcr alle Zimmertypen. Keine Anzahlung erforderlich,&hellip;<\/p><a href=\"\/de\/wp-json\/wp\/v2\/pages\/2362?off_id=228303\" class=\"sb-button\">Details anzeigen<\/a><\/div><\/div><div class=\"sb-offer-card\"><img decoding=\"async\" src=\"https:\/\/cdn.sbcdn.it\/fu\/offerte\/3701840_IMG_OGR.jpg\" alt=\"\"><div class=\"sb-card-content\"><h3>Long-Stay-Angebot -10%<\/h3><p>Je l\u00e4nger Sie bleiben, desto mehr sparen Sie\u2026 \ud835\udc07\ud835\udc1e\ud835\udc2b\ud835\udc1b\ud835\udc2c\ud835\udc2d \ud835\udc1a\ud835\udc26 \ud835\udc06\ud835\udc1a\ud835\udc2b\ud835\udc1d\ud835\udc1a\ud835\udc2c\ud835\udc1e\ud835\udc1e Angebot g\u00fcltig vom 10. Oktober 2026 bis&hellip;<\/p><a href=\"\/de\/wp-json\/wp\/v2\/pages\/2362?off_id=230630\" class=\"sb-button\">Details anzeigen<\/a><\/div><\/div><\/div><\/div><\/div>\n\t\t\t\t\t\t<\/div>\n\t\t\t\t\t<\/div>\n\t\t\t\t<\/div>\n\t\t\t\t<\/div>\n\t\t","protected":false},"excerpt":{"rendered":"<p>Angebote und Promotionen Mit der Wiederer\u00f6ffnung 2026, unter neuer Leitung, haben wir uns einige besondere Angebote f\u00fcr Ihren Aufenthalt ausgedacht. Nutzen Sie sie, der Gardasee wartet auf Sie! Scopri l&#8217;offerta Scopri l&#8217;offerta Scopri l&#8217;offerta<\/p>\n","protected":false},"author":1,"featured_media":2211,"parent":0,"menu_order":0,"comment_status":"closed","ping_status":"closed","template":"","meta":{"footnotes":""},"class_list":["post-2362","page","type-page","status-publish","has-post-thumbnail","hentry"],"_links":{"self":[{"href":"https:\/\/www.villaclaudiatorbole.com\/de\/wp-json\/wp\/v2\/pages\/2362","targetHints":{"allow":["GET"]}}],"collection":[{"href":"https:\/\/www.villaclaudiatorbole.com\/de\/wp-json\/wp\/v2\/pages"}],"about":[{"href":"https:\/\/www.villaclaudiatorbole.com\/de\/wp-json\/wp\/v2\/types\/page"}],"author":[{"embeddable":true,"href":"https:\/\/www.villaclaudiatorbole.com\/de\/wp-json\/wp\/v2\/users\/1"}],"replies":[{"embeddable":true,"href":"https:\/\/www.villaclaudiatorbole.com\/de\/wp-json\/wp\/v2\/comments?post=2362"}],"version-history":[{"count":21,"href":"https:\/\/www.villaclaudiatorbole.com\/de\/wp-json\/wp\/v2\/pages\/2362\/revisions"}],"predecessor-version":[{"id":3535,"href":"https:\/\/www.villaclaudiatorbole.com\/de\/wp-json\/wp\/v2\/pages\/2362\/revisions\/3535"}],"wp:featuredmedia":[{"embeddable":true,"href":"https:\/\/www.villaclaudiatorbole.com\/de\/wp-json\/wp\/v2\/media\/2211"}],"wp:attachment":[{"href":"https:\/\/www.villaclaudiatorbole.com\/de\/wp-json\/wp\/v2\/media?parent=2362"}],"curies":[{"name":"wp","href":"https:\/\/api.w.org\/{rel}","templated":true}]}}